{"id":4249,"date":"2022-05-25T12:15:22","date_gmt":"2022-05-25T10:15:22","guid":{"rendered":"https:\/\/www.driveblue.be\/car-agent\/"},"modified":"2023-02-20T16:11:55","modified_gmt":"2023-02-20T15:11:55","slug":"car-agent","status":"publish","type":"page","link":"https:\/\/www.driveblue.be\/fr\/car-agent\/","title":{"rendered":"Car Agent"},"content":{"rendered":"\n<div class=\"row row-collapse\"  id=\"row-1416648095\">\n\n\n\t<div id=\"col-403371127\" class=\"col small-12 large-12\"  >\n\t\t\t\t<div class=\"col-inner\"  >\n\t\t\t\n\t\t\t\n\n\t<div id=\"text-1836710015\" class=\"text\">\n\t\t\n\n<h2>Vous n&#8217;avez pas trouv\u00e9 ce que vous cherchiez?<\/br>Nous cherchons pour vous!<\/h2>\n\n\t\t\n<style>\n#text-1836710015 {\n  text-align: center;\n}\n<\/style>\n\t<\/div>\n\t\n\t<div id=\"text-4013202731\" class=\"text\">\n\t\t\n\n<p>Faites-nous part de vos souhaits \u00e0 notre Car Agent. Nous recherchons ensuite<br>sur notre r\u00e9seau le v\u00e9hicule qui vous correspond le mieux.<\/p>\n\n\t\t\n<style>\n#text-4013202731 {\n  text-align: center;\n}\n<\/style>\n\t<\/div>\n\t\n\n\t\t<\/div>\n\t\t\t\t\n<style>\n#col-403371127 > .col-inner {\n  padding: 25px 0px 0px 0px;\n}\n<\/style>\n\t<\/div>\n\n\t\n\n<\/div>\n<p>\t<div id=\"car-agent-form\" class=\"api-plugin\" data-function-code=86ecc0ee-6061-4f2d-928b-fef7cdac2f38> <\/div><\/p>\n","protected":false},"excerpt":{"rendered":"","protected":false},"author":3,"featured_media":0,"parent":0,"menu_order":0,"comment_status":"closed","ping_status":"closed","template":"","meta":{"footnotes":""},"class_list":["post-4249","page","type-page","status-publish","hentry"],"acf":[],"yoast_head":"<!-- This site is optimized with the Yoast SEO plugin v20.12 - https:\/\/yoast.com\/wordpress\/plugins\/seo\/ -->\n<title>Car Agent - DriveBlue<\/title>\n<meta name=\"description\" content=\"Faites conna\u00eetre vos souhaits \u00e0 notre Car Agent. Nous v\u00e9rifions notre base de donn\u00e9es pour voir quel v\u00e9hicule r\u00e9pond \u00e0 vos attentes.\" \/>\n<meta name=\"robots\" content=\"index, follow, max-snippet:-1, max-image-preview:large, max-video-preview:-1\" \/>\n<link rel=\"canonical\" href=\"https:\/\/www.driveblue.be\/fr\/car-agent\/\" \/>\n<meta property=\"og:locale\" content=\"fr_FR\" \/>\n<meta property=\"og:type\" content=\"article\" \/>\n<meta property=\"og:title\" content=\"Car Agent - DriveBlue\" \/>\n<meta property=\"og:description\" content=\"Faites conna\u00eetre vos souhaits \u00e0 notre Car Agent. Nous v\u00e9rifions notre base de donn\u00e9es pour voir quel v\u00e9hicule r\u00e9pond \u00e0 vos attentes.\" \/>\n<meta property=\"og:url\" content=\"https:\/\/www.driveblue.be\/fr\/car-agent\/\" \/>\n<meta property=\"og:site_name\" content=\"DriveBlue\" \/>\n<meta property=\"article:modified_time\" content=\"2023-02-20T15:11:55+00:00\" \/>\n<meta name=\"twitter:card\" content=\"summary_large_image\" \/>\n<script type=\"application\/ld+json\" class=\"yoast-schema-graph\">{\"@context\":\"https:\/\/schema.org\",\"@graph\":[{\"@type\":\"WebPage\",\"@id\":\"https:\/\/www.driveblue.be\/fr\/car-agent\/\",\"url\":\"https:\/\/www.driveblue.be\/fr\/car-agent\/\",\"name\":\"Car Agent - DriveBlue\",\"isPartOf\":{\"@id\":\"https:\/\/www.driveblue.be\/fr\/#website\"},\"datePublished\":\"2022-05-25T10:15:22+00:00\",\"dateModified\":\"2023-02-20T15:11:55+00:00\",\"description\":\"Faites conna\u00eetre vos souhaits \u00e0 notre Car Agent. Nous v\u00e9rifions notre base de donn\u00e9es pour voir quel v\u00e9hicule r\u00e9pond \u00e0 vos attentes.\",\"breadcrumb\":{\"@id\":\"https:\/\/www.driveblue.be\/fr\/car-agent\/#breadcrumb\"},\"inLanguage\":\"fr-BE\",\"potentialAction\":[{\"@type\":\"ReadAction\",\"target\":[\"https:\/\/www.driveblue.be\/fr\/car-agent\/\"]}]},{\"@type\":\"BreadcrumbList\",\"@id\":\"https:\/\/www.driveblue.be\/fr\/car-agent\/#breadcrumb\",\"itemListElement\":[{\"@type\":\"ListItem\",\"position\":1,\"name\":\"Home\",\"item\":\"https:\/\/www.driveblue.be\/fr\/\"},{\"@type\":\"ListItem\",\"position\":2,\"name\":\"Car Agent\"}]},{\"@type\":\"WebSite\",\"@id\":\"https:\/\/www.driveblue.be\/fr\/#website\",\"url\":\"https:\/\/www.driveblue.be\/fr\/\",\"name\":\"DriveBlue\",\"description\":\"\",\"potentialAction\":[{\"@type\":\"SearchAction\",\"target\":{\"@type\":\"EntryPoint\",\"urlTemplate\":\"https:\/\/www.driveblue.be\/fr\/?s={search_term_string}\"},\"query-input\":\"required name=search_term_string\"}],\"inLanguage\":\"fr-BE\"}]}<\/script>\n<!-- \/ Yoast SEO plugin. -->","yoast_head_json":{"title":"Car Agent - DriveBlue","description":"Faites conna\u00eetre vos souhaits \u00e0 notre Car Agent. Nous v\u00e9rifions notre base de donn\u00e9es pour voir quel v\u00e9hicule r\u00e9pond \u00e0 vos attentes.","robots":{"index":"index","follow":"follow","max-snippet":"max-snippet:-1","max-image-preview":"max-image-preview:large","max-video-preview":"max-video-preview:-1"},"canonical":"https:\/\/www.driveblue.be\/fr\/car-agent\/","og_locale":"fr_FR","og_type":"article","og_title":"Car Agent - DriveBlue","og_description":"Faites conna\u00eetre vos souhaits \u00e0 notre Car Agent. Nous v\u00e9rifions notre base de donn\u00e9es pour voir quel v\u00e9hicule r\u00e9pond \u00e0 vos attentes.","og_url":"https:\/\/www.driveblue.be\/fr\/car-agent\/","og_site_name":"DriveBlue","article_modified_time":"2023-02-20T15:11:55+00:00","twitter_card":"summary_large_image","schema":{"@context":"https:\/\/schema.org","@graph":[{"@type":"WebPage","@id":"https:\/\/www.driveblue.be\/fr\/car-agent\/","url":"https:\/\/www.driveblue.be\/fr\/car-agent\/","name":"Car Agent - DriveBlue","isPartOf":{"@id":"https:\/\/www.driveblue.be\/fr\/#website"},"datePublished":"2022-05-25T10:15:22+00:00","dateModified":"2023-02-20T15:11:55+00:00","description":"Faites conna\u00eetre vos souhaits \u00e0 notre Car Agent. Nous v\u00e9rifions notre base de donn\u00e9es pour voir quel v\u00e9hicule r\u00e9pond \u00e0 vos attentes.","breadcrumb":{"@id":"https:\/\/www.driveblue.be\/fr\/car-agent\/#breadcrumb"},"inLanguage":"fr-BE","potentialAction":[{"@type":"ReadAction","target":["https:\/\/www.driveblue.be\/fr\/car-agent\/"]}]},{"@type":"BreadcrumbList","@id":"https:\/\/www.driveblue.be\/fr\/car-agent\/#breadcrumb","itemListElement":[{"@type":"ListItem","position":1,"name":"Home","item":"https:\/\/www.driveblue.be\/fr\/"},{"@type":"ListItem","position":2,"name":"Car Agent"}]},{"@type":"WebSite","@id":"https:\/\/www.driveblue.be\/fr\/#website","url":"https:\/\/www.driveblue.be\/fr\/","name":"DriveBlue","description":"","potentialAction":[{"@type":"SearchAction","target":{"@type":"EntryPoint","urlTemplate":"https:\/\/www.driveblue.be\/fr\/?s={search_term_string}"},"query-input":"required name=search_term_string"}],"inLanguage":"fr-BE"}]}},"_links":{"self":[{"href":"https:\/\/www.driveblue.be\/fr\/wp-json\/wp\/v2\/pages\/4249","targetHints":{"allow":["GET"]}}],"collection":[{"href":"https:\/\/www.driveblue.be\/fr\/wp-json\/wp\/v2\/pages"}],"about":[{"href":"https:\/\/www.driveblue.be\/fr\/wp-json\/wp\/v2\/types\/page"}],"author":[{"embeddable":true,"href":"https:\/\/www.driveblue.be\/fr\/wp-json\/wp\/v2\/users\/3"}],"replies":[{"embeddable":true,"href":"https:\/\/www.driveblue.be\/fr\/wp-json\/wp\/v2\/comments?post=4249"}],"version-history":[{"count":1,"href":"https:\/\/www.driveblue.be\/fr\/wp-json\/wp\/v2\/pages\/4249\/revisions"}],"predecessor-version":[{"id":7657,"href":"https:\/\/www.driveblue.be\/fr\/wp-json\/wp\/v2\/pages\/4249\/revisions\/7657"}],"wp:attachment":[{"href":"https:\/\/www.driveblue.be\/fr\/wp-json\/wp\/v2\/media?parent=4249"}],"curies":[{"name":"wp","href":"https:\/\/api.w.org\/{rel}","templated":true}]}}