{"id":4265,"date":"2022-05-25T12:19:25","date_gmt":"2022-05-25T10:19:25","guid":{"rendered":"https:\/\/www.driveblue.be\/cookies\/"},"modified":"2022-05-25T19:07:28","modified_gmt":"2022-05-25T17:07:28","slug":"cookies","status":"publish","type":"page","link":"https:\/\/www.driveblue.be\/fr\/cookies\/","title":{"rendered":"Cookies"},"content":{"rendered":"\n\t<section class=\"section\" id=\"section_221528234\">\n\t\t<div class=\"bg section-bg fill bg-fill  bg-loaded\" >\n\n\t\t\t\n\t\t\t\n\t\t\t\n\n\t\t<\/div>\n\n\t\t\n\n\t\t<div class=\"section-content relative\">\n\t\t\t\n\n<div class=\"row\"  id=\"row-161176103\">\n\n\n\t<div id=\"col-1005118334\" class=\"col small-12 large-12\"  >\n\t\t\t\t<div class=\"col-inner\"  >\n\t\t\t\n\t\t\t\n\n\t<div id=\"text-3438339033\" class=\"text\">\n\t\t\n\n<h1>Cookies<\/h1>\n\t\t\n<style>\n#text-3438339033 {\n  text-align: center;\n}\n<\/style>\n\t<\/div>\n\t\n<h4>Faites-vous savoir<\/h4>\n<p>\u00ab Future Dealer \u00bb distribue des cookies lorsque vous visitez l&#8217;un de nos sites Web.<\/p>\n<p>Gr\u00e2ce aux cookies, vous n&#8217;\u00eates pas oblig\u00e9 de saisir ou de t\u00e9l\u00e9charger les m\u00eames informations \u00e0 chaque fois que vous revenez chez nous. Agr\u00e9able et pratique ! De plus, ils nous aident \u00e0 comprendre comment vous utilisez nos sites et comment nous pouvons am\u00e9liorer les choses et les rendre plus conviviales. Il faut dire : nous les utilisons \u00e9galement \u00e0 des fins de marketing.<\/p>\n<p>Nous utilisons \u00e9galement JavaScript. Avec cela, nous pouvons faire de belles choses, parfois en combinaison avec des cookies et des balises (Web). Par exemple, montrer vos produits pr\u00e9c\u00e9demment consult\u00e9s. Lors de l&#8217;acceptation des cookies, la d\u00e9claration de confidentialit\u00e9 est \u00e9galement automatiquement accept\u00e9e.<\/p>\n<h4>Accepter les cookies<\/h4>\n<p>Si vous souhaitez utiliser nos sites dans toute leur splendeur, vous devez accepter nos cookies. Heureusement, c&#8217;est tr\u00e8s simple. Vous pouvez accepter nos cookies de deux mani\u00e8res: fermer la notification de cookie que vous voyez lors de votre premi\u00e8re visite ou simplement continuer sur nos sites.<\/p>\n<h4>Vos param\u00e8tres de cookies<\/h4>\n<p>Bien entendu, nous sommes prudents avec les donn\u00e9es que nous collectons aupr\u00e8s de vous.<\/p>\n<h4>Supprimer ou d\u00e9sactiver les cookies<\/h4>\n<p>Vous pouvez bien entendu \u00e9galement d\u00e9sactiver nos cookies et JavaScript. Gardez \u00e0 l&#8217;esprit que nos sites Web ne fonctionnent pas de mani\u00e8re optimale. Comment d\u00e9sactiver ou supprimer les cookies est expliqu\u00e9 dans les articles ci-dessous:<\/p>\n\n\t<div id=\"text-2033318385\" class=\"text\">\n\t\t\n\n<ul>\n<li><a href=\"https:\/\/support.google.com\/chrome\/answer\/95647?hl=nl\">Chrome<\/a><\/li>\n<li><a href=\"https:\/\/support.mozilla.org\/nl\/kb\/cookies-verwijderen-gegevens-wissen-websites-opgeslagen\">Firefox<\/a><\/li>\n<li><a href=\"https:\/\/support.microsoft.com\/nl-nl\/help\/17442\/windows-internet-explorer-delete-manage-cookies\">Internet Explorer<\/a><\/li>\n<li><a href=\"https:\/\/support.microsoft.com\/nl-nl\/help\/10607\/windows-10-view-delete-browser-history-microsoft-edge\">Edge<\/a><\/li>\n<li><a href=\"https:\/\/support.apple.com\/nl-nl\/HT201265\">Safari (iOS)<\/a><\/li>\n<li><a href=\"https:\/\/support.apple.com\/kb\/Ph41411?locale=nl_NL\">Safari (macOS)<\/a><\/li>\n<\/ul>\n\t\t\n<style>\n#text-2033318385 {\n  line-height: 0.8;\n}\n<\/style>\n\t<\/div>\n\t\n\n\t\t<\/div>\n\t\t\t\t\t<\/div>\n\n\t\n\n<\/div>\n\n\t\t<\/div>\n\n\t\t\n<style>\n#section_221528234 {\n  padding-top: 30px;\n  padding-bottom: 30px;\n}\n#section_221528234 .ux-shape-divider--top svg {\n  height: 150px;\n  --divider-top-width: 100%;\n}\n#section_221528234 .ux-shape-divider--bottom svg {\n  height: 150px;\n  --divider-width: 100%;\n}\n<\/style>\n\t<\/section>\n\t\n\n","protected":false},"excerpt":{"rendered":"","protected":false},"author":3,"featured_media":0,"parent":0,"menu_order":0,"comment_status":"closed","ping_status":"closed","template":"","meta":{"footnotes":""},"class_list":["post-4265","page","type-page","status-publish","hentry"],"acf":[],"yoast_head":"<!-- This site is optimized with the Yoast SEO plugin v20.12 - https:\/\/yoast.com\/wordpress\/plugins\/seo\/ -->\n<title>Cookies - DriveBlue<\/title>\n<meta name=\"robots\" content=\"index, follow, max-snippet:-1, max-image-preview:large, max-video-preview:-1\" \/>\n<link rel=\"canonical\" href=\"https:\/\/www.driveblue.be\/fr\/cookies\/\" \/>\n<meta property=\"og:locale\" content=\"fr_FR\" \/>\n<meta property=\"og:type\" content=\"article\" \/>\n<meta property=\"og:title\" content=\"Cookies - DriveBlue\" \/>\n<meta property=\"og:url\" content=\"https:\/\/www.driveblue.be\/fr\/cookies\/\" \/>\n<meta property=\"og:site_name\" content=\"DriveBlue\" \/>\n<meta property=\"article:modified_time\" content=\"2022-05-25T17:07:28+00:00\" \/>\n<meta name=\"twitter:card\" content=\"summary_large_image\" \/>\n<meta name=\"twitter:label1\" content=\"Dur\u00e9e de lecture est.\" \/>\n\t<meta name=\"twitter:data1\" content=\"1 minute\" \/>\n<script type=\"application\/ld+json\" class=\"yoast-schema-graph\">{\"@context\":\"https:\/\/schema.org\",\"@graph\":[{\"@type\":\"WebPage\",\"@id\":\"https:\/\/www.driveblue.be\/fr\/cookies\/\",\"url\":\"https:\/\/www.driveblue.be\/fr\/cookies\/\",\"name\":\"Cookies - DriveBlue\",\"isPartOf\":{\"@id\":\"https:\/\/www.driveblue.be\/fr\/#website\"},\"datePublished\":\"2022-05-25T10:19:25+00:00\",\"dateModified\":\"2022-05-25T17:07:28+00:00\",\"breadcrumb\":{\"@id\":\"https:\/\/www.driveblue.be\/fr\/cookies\/#breadcrumb\"},\"inLanguage\":\"fr-BE\",\"potentialAction\":[{\"@type\":\"ReadAction\",\"target\":[\"https:\/\/www.driveblue.be\/fr\/cookies\/\"]}]},{\"@type\":\"BreadcrumbList\",\"@id\":\"https:\/\/www.driveblue.be\/fr\/cookies\/#breadcrumb\",\"itemListElement\":[{\"@type\":\"ListItem\",\"position\":1,\"name\":\"Home\",\"item\":\"https:\/\/www.driveblue.be\/fr\/\"},{\"@type\":\"ListItem\",\"position\":2,\"name\":\"Cookies\"}]},{\"@type\":\"WebSite\",\"@id\":\"https:\/\/www.driveblue.be\/fr\/#website\",\"url\":\"https:\/\/www.driveblue.be\/fr\/\",\"name\":\"DriveBlue\",\"description\":\"\",\"potentialAction\":[{\"@type\":\"SearchAction\",\"target\":{\"@type\":\"EntryPoint\",\"urlTemplate\":\"https:\/\/www.driveblue.be\/fr\/?s={search_term_string}\"},\"query-input\":\"required name=search_term_string\"}],\"inLanguage\":\"fr-BE\"}]}<\/script>\n<!-- \/ Yoast SEO plugin. -->","yoast_head_json":{"title":"Cookies - DriveBlue","robots":{"index":"index","follow":"follow","max-snippet":"max-snippet:-1","max-image-preview":"max-image-preview:large","max-video-preview":"max-video-preview:-1"},"canonical":"https:\/\/www.driveblue.be\/fr\/cookies\/","og_locale":"fr_FR","og_type":"article","og_title":"Cookies - DriveBlue","og_url":"https:\/\/www.driveblue.be\/fr\/cookies\/","og_site_name":"DriveBlue","article_modified_time":"2022-05-25T17:07:28+00:00","twitter_card":"summary_large_image","twitter_misc":{"Dur\u00e9e de lecture est.":"1 minute"},"schema":{"@context":"https:\/\/schema.org","@graph":[{"@type":"WebPage","@id":"https:\/\/www.driveblue.be\/fr\/cookies\/","url":"https:\/\/www.driveblue.be\/fr\/cookies\/","name":"Cookies - DriveBlue","isPartOf":{"@id":"https:\/\/www.driveblue.be\/fr\/#website"},"datePublished":"2022-05-25T10:19:25+00:00","dateModified":"2022-05-25T17:07:28+00:00","breadcrumb":{"@id":"https:\/\/www.driveblue.be\/fr\/cookies\/#breadcrumb"},"inLanguage":"fr-BE","potentialAction":[{"@type":"ReadAction","target":["https:\/\/www.driveblue.be\/fr\/cookies\/"]}]},{"@type":"BreadcrumbList","@id":"https:\/\/www.driveblue.be\/fr\/cookies\/#breadcrumb","itemListElement":[{"@type":"ListItem","position":1,"name":"Home","item":"https:\/\/www.driveblue.be\/fr\/"},{"@type":"ListItem","position":2,"name":"Cookies"}]},{"@type":"WebSite","@id":"https:\/\/www.driveblue.be\/fr\/#website","url":"https:\/\/www.driveblue.be\/fr\/","name":"DriveBlue","description":"","potentialAction":[{"@type":"SearchAction","target":{"@type":"EntryPoint","urlTemplate":"https:\/\/www.driveblue.be\/fr\/?s={search_term_string}"},"query-input":"required name=search_term_string"}],"inLanguage":"fr-BE"}]}},"_links":{"self":[{"href":"https:\/\/www.driveblue.be\/fr\/wp-json\/wp\/v2\/pages\/4265","targetHints":{"allow":["GET"]}}],"collection":[{"href":"https:\/\/www.driveblue.be\/fr\/wp-json\/wp\/v2\/pages"}],"about":[{"href":"https:\/\/www.driveblue.be\/fr\/wp-json\/wp\/v2\/types\/page"}],"author":[{"embeddable":true,"href":"https:\/\/www.driveblue.be\/fr\/wp-json\/wp\/v2\/users\/3"}],"replies":[{"embeddable":true,"href":"https:\/\/www.driveblue.be\/fr\/wp-json\/wp\/v2\/comments?post=4265"}],"version-history":[{"count":0,"href":"https:\/\/www.driveblue.be\/fr\/wp-json\/wp\/v2\/pages\/4265\/revisions"}],"wp:attachment":[{"href":"https:\/\/www.driveblue.be\/fr\/wp-json\/wp\/v2\/media?parent=4265"}],"curies":[{"name":"wp","href":"https:\/\/api.w.org\/{rel}","templated":true}]}}