{"id":5633,"date":"2022-06-16T16:43:53","date_gmt":"2022-06-16T14:43:53","guid":{"rendered":"https:\/\/www.driveblue.be\/home-ab-automotive\/"},"modified":"2023-02-21T12:23:03","modified_gmt":"2023-02-21T11:23:03","slug":"ab-automotive","status":"publish","type":"page","link":"https:\/\/www.driveblue.be\/fr\/ab-automotive\/","title":{"rendered":"AB Automotive"},"content":{"rendered":"\n\t<section class=\"section hide-for-medium\" id=\"section_489161184\">\n\t\t<div class=\"bg section-bg fill bg-fill  bg-loaded\" >\n\n\t\t\t\n\t\t\t\n\t\t\t\n\n\t\t<\/div>\n\n\t\t\n\n\t\t<div class=\"section-content relative\">\n\t\t\t\n\n\t<div id=\"gap-1988531384\" class=\"gap-element clearfix\" style=\"display:block; height:auto;\">\n\t\t\n<style>\n#gap-1988531384 {\n  padding-top: 30px;\n}\n<\/style>\n\t<\/div>\n\t\n\n<div class=\"row row-collapse row-full-width align-middle align-center\"  id=\"row-1748470016\">\n\n\n\t<div id=\"col-1548309654\" class=\"col medium-3 small-6 large-3\"  >\n\t\t\t\t<div class=\"col-inner text-center\"  >\n\t\t\t\n\t\t\t\n\n\t<div id=\"text-663967231\" class=\"text\">\n\t\t\n\n<p class=\"secondary-color\"><i class=\"fas fa-car-alt primary-color\"><\/i> <b>Des voitures neuves tous les jours<\/b><\/p>\n\t\t\n<style>\n#text-663967231 {\n  font-size: 0.75rem;\n}\n@media (min-width:550px) {\n  #text-663967231 {\n    font-size: 1rem;\n  }\n}\n<\/style>\n\t<\/div>\n\t\n\n\t\t<\/div>\n\t\t\t\t\t<\/div>\n\n\t\n\n\t<div id=\"col-24324358\" class=\"col medium-3 small-6 large-3\"  >\n\t\t\t\t<div class=\"col-inner text-center\"  >\n\t\t\t\n\t\t\t\n\n\t<div id=\"text-4263153836\" class=\"text\">\n\t\t\n\n<p class=\"secondary-color\"><i class=\"far fa-handshake primary-color\"><\/i> <b>Une acquisition exceptionnelle<\/b><\/p>\n\t\t\n<style>\n#text-4263153836 {\n  font-size: 0.75rem;\n}\n@media (min-width:550px) {\n  #text-4263153836 {\n    font-size: 1rem;\n  }\n}\n<\/style>\n\t<\/div>\n\t\n\n\t\t<\/div>\n\t\t\t\t\t<\/div>\n\n\t\n\n\t<div id=\"col-949334643\" class=\"col medium-3 small-6 large-3\"  >\n\t\t\t\t<div class=\"col-inner text-center\"  >\n\t\t\t\n\t\t\t\n\n\t<div id=\"text-3305651165\" class=\"text\">\n\t\t\n\n<p class=\"secondary-color\"><i class=\"far fa-calendar-check primary-color\"><\/i> <b>Rouler dans quelques semaines<\/b><\/p>\n\t\t\n<style>\n#text-3305651165 {\n  font-size: 0.75rem;\n}\n@media (min-width:550px) {\n  #text-3305651165 {\n    font-size: 1rem;\n  }\n}\n<\/style>\n\t<\/div>\n\t\n\n\t\t<\/div>\n\t\t\t\t\t<\/div>\n\n\t\n\n\t<div id=\"col-1689881142\" class=\"col medium-3 small-6 large-3\"  >\n\t\t\t\t<div class=\"col-inner text-center\"  >\n\t\t\t\n\t\t\t\n\n\t<div id=\"text-2143715225\" class=\"text\">\n\t\t\n\n<p class=\"secondary-color\"><a href=\"https:\/\/www.driveblue.be\/fr\/contact\/\"> <i class=\"fas fa-map-marker-alt primary-color\"><\/i> <b>Toute la Belgique<\/b><\/a><\/p>\n\t\t\n<style>\n#text-2143715225 {\n  font-size: 0.75rem;\n}\n@media (min-width:550px) {\n  #text-2143715225 {\n    font-size: 1rem;\n  }\n}\n<\/style>\n\t<\/div>\n\t\n\n\t\t<\/div>\n\t\t\t\t\t<\/div>\n\n\t\n\n<\/div>\n\n\t\t<\/div>\n\n\t\t\n<style>\n#section_489161184 {\n  padding-top: 10px;\n  padding-bottom: 10px;\n}\n#section_489161184 .ux-shape-divider--top svg {\n  height: 150px;\n  --divider-top-width: 100%;\n}\n#section_489161184 .ux-shape-divider--bottom svg {\n  height: 150px;\n  --divider-width: 100%;\n}\n@media (min-width:550px) {\n  #section_489161184 {\n    padding-top: 0px;\n    padding-bottom: 0px;\n  }\n}\n<\/style>\n\t<\/section>\n\t\n\t<section class=\"section show-for-small\" id=\"section_265925650\">\n\t\t<div class=\"bg section-bg fill bg-fill  bg-loaded\" >\n\n\t\t\t\n\t\t\t\n\t\t\t\n\n\t\t<\/div>\n\n\t\t\n\n\t\t<div class=\"section-content relative\">\n\t\t\t\n\n<div class=\"row row-collapse align-middle align-center\"  id=\"row-84851282\">\n\n\n\t<div id=\"col-1290774980\" class=\"col medium-3 small-6 large-3\"  >\n\t\t\t\t<div class=\"col-inner text-center\"  >\n\t\t\t\n\t\t\t\n\n\t<div id=\"text-902289946\" class=\"text\">\n\t\t\n\n<p class=\"secondary-color\"><i class=\"fas fa-car-alt primary-color\"><\/i> <b>Des voitures neuves tous les jours<\/b><\/p>\n\t\t\n<style>\n#text-902289946 {\n  font-size: 0.75rem;\n}\n<\/style>\n\t<\/div>\n\t\n\n\t\t<\/div>\n\t\t\t\t\t<\/div>\n\n\t\n\n\t<div id=\"col-93457120\" class=\"col medium-3 small-6 large-3\"  >\n\t\t\t\t<div class=\"col-inner text-center\"  >\n\t\t\t\n\t\t\t\n\n\t<div id=\"text-1458514611\" class=\"text\">\n\t\t\n\n<p class=\"secondary-color\"><i class=\"far fa-handshake primary-color\"><\/i> <b>Une acquisition exceptionnelle<\/b><\/p>\n\t\t\n<style>\n#text-1458514611 {\n  font-size: 0.75rem;\n}\n<\/style>\n\t<\/div>\n\t\n\n\t\t<\/div>\n\t\t\t\t\t<\/div>\n\n\t\n\n\t<div id=\"col-450967942\" class=\"col medium-3 small-6 large-3\"  >\n\t\t\t\t<div class=\"col-inner text-center\"  >\n\t\t\t\n\t\t\t\n\n\t<div id=\"text-190474167\" class=\"text\">\n\t\t\n\n<p class=\"secondary-color\"><i class=\"far fa-calendar-check primary-color\"><\/i> <b>Rouler dans quelques semaines<\/b><\/p>\n\t\t\n<style>\n#text-190474167 {\n  font-size: 0.75rem;\n}\n<\/style>\n\t<\/div>\n\t\n\n\t\t<\/div>\n\t\t\t\t\t<\/div>\n\n\t\n\n\t<div id=\"col-418637028\" class=\"col medium-3 small-6 large-3\"  >\n\t\t\t\t<div class=\"col-inner text-center\"  >\n\t\t\t\n\t\t\t\n\n\t<div id=\"text-4158659310\" class=\"text\">\n\t\t\n\n<p class=\"secondary-color\"><a href=\"https:\/\/www.driveblue.be\/fr\/contact\/\"> <i class=\"fas fa-map-marker-alt primary-color\"><\/i> <b>Toute la Belgique<\/b><\/a><\/p>\n\t\t\n<style>\n#text-4158659310 {\n  font-size: 0.75rem;\n}\n<\/style>\n\t<\/div>\n\t\n\n\t\t<\/div>\n\t\t\t\t\t<\/div>\n\n\t\n\n<\/div>\n\n\t\t<\/div>\n\n\t\t\n<style>\n#section_265925650 {\n  padding-top: 10px;\n  padding-bottom: 10px;\n}\n#section_265925650 .ux-shape-divider--top svg {\n  height: 150px;\n  --divider-top-width: 100%;\n}\n#section_265925650 .ux-shape-divider--bottom svg {\n  height: 150px;\n  --divider-width: 100%;\n}\n@media (min-width:550px) {\n  #section_265925650 {\n    padding-top: 0px;\n    padding-bottom: 0px;\n  }\n}\n<\/style>\n\t<\/section>\n\t\n\n\n  <div class=\"banner has-hover has-parallax\" id=\"banner-1353901577\">\n          <div class=\"banner-inner fill\">\n        <div class=\"banner-bg fill\" data-parallax=\"-2\" data-parallax-container=\".banner\" data-parallax-background>\n            <div class=\"bg fill bg-fill \"><\/div>\n                                    \n                    <\/div>\n\t\t\n        <div class=\"banner-layers container\">\n            <div class=\"fill banner-link\"><\/div>            \n\n   <div id=\"text-box-305438229\" class=\"text-box banner-layer x50 md-x50 lg-x50 y50 md-y50 lg-y50 res-text\">\n                                <div class=\"text-box-content text \">\n              \n              <div class=\"text-inner text-left\">\n                  \n\n\t<div id=\"text-1703189607\" class=\"text\">\n\t\t\n\n<h3>AB Automotive<\/h3>\n<p>4 branches avec 1 objectif\u2026\u00eatre Your Ford Partner ! Ces 3 mots constituent la mission quotidienne d\u2019AB Automotive. Tout faire pour assurer votre mobilit\u00e9 de A \u00e0 Z. Dans les salles d\u2019exposition de Vilvoorde et de Schaerbeek, AB Automotive propose la gamme compl\u00e8te de Ford ainsi qu\u2019un vaste choix de jeunes voitures d\u2019occasion. En outre, AB Automotive dispose \u00e9galement d\u2019un atelier enti\u00e8rement \u00e9quip\u00e9. En 2019, AB Automotive a lanc\u00e9 le tout premier Ford Smart Lab dans le centre commercial Docks Bruxsel. Contrairement \u00e0 une salle d\u2019exposition traditionnelle, le concept du Ford Smart Lab vise \u00e0 informer et \u00e0 enthousiasmer. En 2021, le Customer &amp; Delivery Center a ouvert ses portes ! Un tout nouveau concept, o\u00f9 AB Automotive met tout en \u0153uvre pour livrer les voitures aux clients dans un environnement unique et convivial.        <\/p>\n\t\t\n<style>\n#text-1703189607 {\n  font-size: 1rem;\n  color: rgb(23, 43, 76);\n}\n#text-1703189607 > * {\n  color: rgb(23, 43, 76);\n}\n<\/style>\n\t<\/div>\n\t\n<div class=\"row\"  id=\"row-1242482104\">\n\n\n\t<div id=\"col-395678540\" class=\"col medium-6 small-12 large-6\"  >\n\t\t\t\t<div class=\"col-inner\"  >\n\t\t\t\n\t\t\t\n\n<h4 class=\"thin-font\"><strong>Vilvoorde<\/strong><\/h4>\n<a href=\"mailto:bdc.fr@ab-automotive.be\" target=\"_self\" class=\"button primary is-large\"  >\n  <i class=\"icon-envelop\" aria-hidden=\"true\" ><\/i>  <span>CONTACTEZ-NOUS<\/span>\n  <\/a>\n\n\n<a href=\"tel:02%20254%2003%2010\" target=\"_self\" class=\"button primary is-large\"  >\n  <i class=\"icon-phone\" aria-hidden=\"true\" ><\/i>  <span>02 254 03 10<\/span>\n  <\/a>\n\n\n\n\t\t<\/div>\n\t\t\t\t\t<\/div>\n\n\t\n\n\t<div id=\"col-369215503\" class=\"col medium-6 small-12 large-6\"  >\n\t\t\t\t<div class=\"col-inner\"  >\n\t\t\t\n\t\t\t\n\n\t<div id=\"text-3475434641\" class=\"text\">\n\t\t\n\n<h4 class=\"thin-font\"><strong>Bruxelles<\/strong><\/h4>\n\t\t\n<style>\n#text-3475434641 {\n  color: rgb(23, 43, 76);\n}\n#text-3475434641 > * {\n  color: rgb(23, 43, 76);\n}\n<\/style>\n\t<\/div>\n\t\n<a href=\"mailto:bdc.fr@ab-automotive.be\" target=\"_self\" class=\"button primary is-large\"  >\n  <i class=\"icon-envelop\" aria-hidden=\"true\" ><\/i>  <span>CONTACTEZ-NOUS<\/span>\n  <\/a>\n\n\n<a href=\"tel:02%20205%2008%2070\" target=\"_self\" class=\"button primary is-large\"  >\n  <i class=\"icon-phone\" aria-hidden=\"true\" ><\/i>  <span>02 205 08 70<\/span>\n  <\/a>\n\n\n\n\t\t<\/div>\n\t\t\t\t\t<\/div>\n\n\t\n\n<\/div>\n\n              <\/div>\n           <\/div>\n                            \n<style>\n#text-box-305438229 .text-box-content {\n  background-color: rgba(208, 206, 206, 0.773);\n  font-size: 90%;\n}\n#text-box-305438229 .text-inner {\n  padding: 20px 20px 20px 20px;\n}\n#text-box-305438229 {\n  width: 94%;\n}\n<\/style>\n    <\/div>\n \n\n        <\/div>\n      <\/div>\n\n            \n<style>\n#banner-1353901577 {\n  padding-top: 500px;\n}\n#banner-1353901577 .bg.bg-loaded {\n  background-image: url(https:\/\/www.driveblue.be\/wp-content\/uploads\/2022\/11\/AB_Automotive.jpg);\n}\n#banner-1353901577 .bg {\n  background-position: 56% 62%;\n}\n#banner-1353901577 .ux-shape-divider--top svg {\n  height: 150px;\n  --divider-top-width: 100%;\n}\n#banner-1353901577 .ux-shape-divider--bottom svg {\n  height: 150px;\n  --divider-width: 100%;\n}\n<\/style>\n  <\/div>\n\n\n\t<section class=\"section\" id=\"section_819560149\">\n\t\t<div class=\"bg section-bg fill bg-fill  bg-loaded\" >\n\n\t\t\t\n\t\t\t\n\t\t\t\n\n\t\t<\/div>\n\n\t\t\n\n\t\t<div class=\"section-content relative\">\n\t\t\t\n\n<div class=\"row\"  id=\"row-480649841\">\n\n\n\t<div id=\"col-2060849845\" class=\"col small-12 large-12\"  >\n\t\t\t\t<div class=\"col-inner\"  >\n\t\t\t\n\t\t\t\n\n\t<div id=\"text-1332874994\" class=\"text\">\n\t\t\n\n<p class=\"secondary-color\"><strong>Notre Offre<\/strong><\/p>\n\t\t\n<style>\n#text-1332874994 {\n  font-size: 1.85rem;\n  text-align: center;\n}\n<\/style>\n\t<\/div>\n\t\n<p>\t<div id=\"home-stock-ab-automotive\" class=\"api-plugin\" data-function-code=21626605-9df6-4f81-b8da-1127d425bf7f> <\/div><\/p>\n\n<div class=\"row\"  id=\"row-1123727267\">\n\n\n\t<div id=\"col-845568466\" class=\"col small-12 large-12\"  >\n\t\t\t\t<div class=\"col-inner text-center\"  >\n\t\t\t\n\t\t\t\n\n<a href=\"https:\/\/www.driveblue.be\/fr\/ab-automotive-stock\/?-\" target=\"_self\" class=\"button primary\"  >\n    <span>D\u00c9COUVREZ TOUTE NOTRE GAMME<\/span>\n  <\/a>\n\n\n\n\t\t<\/div>\n\t\t\t\t\t<\/div>\n\n\t\n\n<\/div>\n\n\t\t<\/div>\n\t\t\t\t\t<\/div>\n\n\t\n\n<\/div>\n\n\t\t<\/div>\n\n\t\t\n<style>\n#section_819560149 {\n  padding-top: 30px;\n  padding-bottom: 30px;\n}\n#section_819560149 .ux-shape-divider--top svg {\n  height: 150px;\n  --divider-top-width: 100%;\n}\n#section_819560149 .ux-shape-divider--bottom svg {\n  height: 150px;\n  --divider-width: 100%;\n}\n<\/style>\n\t<\/section>\n\t\n\t<div id=\"gap-1828220649\" class=\"gap-element clearfix\" style=\"display:block; height:auto;\">\n\t\t\n<style>\n#gap-1828220649 {\n  padding-top: 30px;\n}\n<\/style>\n\t<\/div>\n\t\n\n<div class=\"legalTextContainer\" id=\"legalTextContainer\">\n<div class=\"container\">\n<p class=\"legalText\">Attention, emprunter de l'argent co\u00fbte aussi de l'argent.<\/p>\n<div class=\"hideLegalText\" onclick=\"document.getElementById('legalTextContainer').style.display='none'\">OK<\/div>\n<\/p>\n<\/div>\n<\/div>\n","protected":false},"excerpt":{"rendered":"","protected":false},"author":10,"featured_media":0,"parent":0,"menu_order":0,"comment_status":"closed","ping_status":"closed","template":"","meta":{"footnotes":""},"class_list":["post-5633","page","type-page","status-publish","hentry"],"acf":[],"yoast_head":"<!-- This site is optimized with the Yoast SEO plugin v20.12 - https:\/\/yoast.com\/wordpress\/plugins\/seo\/ -->\n<title>AB Automotive - DriveBlue<\/title>\n<meta name=\"description\" content=\"\u00c0 Vilvoorde et Schaerbeek, les salles d&#039;exposition d&#039;AB Automotive proposent un grand nombre de voitures Ford neuves et d&#039;occasion.\" \/>\n<meta name=\"robots\" content=\"index, follow, max-snippet:-1, max-image-preview:large, max-video-preview:-1\" \/>\n<link rel=\"canonical\" href=\"https:\/\/www.driveblue.be\/fr\/ab-automotive\/\" \/>\n<meta property=\"og:locale\" content=\"fr_FR\" \/>\n<meta property=\"og:type\" content=\"article\" \/>\n<meta property=\"og:title\" content=\"AB Automotive - DriveBlue\" \/>\n<meta property=\"og:description\" content=\"\u00c0 Vilvoorde et Schaerbeek, les salles d&#039;exposition d&#039;AB Automotive proposent un grand nombre de voitures Ford neuves et d&#039;occasion.\" \/>\n<meta property=\"og:url\" content=\"https:\/\/www.driveblue.be\/fr\/ab-automotive\/\" \/>\n<meta property=\"og:site_name\" content=\"DriveBlue\" \/>\n<meta property=\"article:modified_time\" content=\"2023-02-21T11:23:03+00:00\" \/>\n<meta name=\"twitter:card\" content=\"summary_large_image\" \/>\n<meta name=\"twitter:label1\" content=\"Dur\u00e9e de lecture est.\" \/>\n\t<meta name=\"twitter:data1\" content=\"1 minute\" \/>\n<script type=\"application\/ld+json\" class=\"yoast-schema-graph\">{\"@context\":\"https:\/\/schema.org\",\"@graph\":[{\"@type\":\"WebPage\",\"@id\":\"https:\/\/www.driveblue.be\/fr\/ab-automotive\/\",\"url\":\"https:\/\/www.driveblue.be\/fr\/ab-automotive\/\",\"name\":\"AB Automotive - DriveBlue\",\"isPartOf\":{\"@id\":\"https:\/\/www.driveblue.be\/fr\/#website\"},\"datePublished\":\"2022-06-16T14:43:53+00:00\",\"dateModified\":\"2023-02-21T11:23:03+00:00\",\"description\":\"\u00c0 Vilvoorde et Schaerbeek, les salles d'exposition d'AB Automotive proposent un grand nombre de voitures Ford neuves et d'occasion.\",\"breadcrumb\":{\"@id\":\"https:\/\/www.driveblue.be\/fr\/ab-automotive\/#breadcrumb\"},\"inLanguage\":\"fr-BE\",\"potentialAction\":[{\"@type\":\"ReadAction\",\"target\":[\"https:\/\/www.driveblue.be\/fr\/ab-automotive\/\"]}]},{\"@type\":\"BreadcrumbList\",\"@id\":\"https:\/\/www.driveblue.be\/fr\/ab-automotive\/#breadcrumb\",\"itemListElement\":[{\"@type\":\"ListItem\",\"position\":1,\"name\":\"Home\",\"item\":\"https:\/\/www.driveblue.be\/fr\/\"},{\"@type\":\"ListItem\",\"position\":2,\"name\":\"AB Automotive\"}]},{\"@type\":\"WebSite\",\"@id\":\"https:\/\/www.driveblue.be\/fr\/#website\",\"url\":\"https:\/\/www.driveblue.be\/fr\/\",\"name\":\"DriveBlue\",\"description\":\"\",\"potentialAction\":[{\"@type\":\"SearchAction\",\"target\":{\"@type\":\"EntryPoint\",\"urlTemplate\":\"https:\/\/www.driveblue.be\/fr\/?s={search_term_string}\"},\"query-input\":\"required name=search_term_string\"}],\"inLanguage\":\"fr-BE\"}]}<\/script>\n<!-- \/ Yoast SEO plugin. -->","yoast_head_json":{"title":"AB Automotive - DriveBlue","description":"\u00c0 Vilvoorde et Schaerbeek, les salles d'exposition d'AB Automotive proposent un grand nombre de voitures Ford neuves et d'occasion.","robots":{"index":"index","follow":"follow","max-snippet":"max-snippet:-1","max-image-preview":"max-image-preview:large","max-video-preview":"max-video-preview:-1"},"canonical":"https:\/\/www.driveblue.be\/fr\/ab-automotive\/","og_locale":"fr_FR","og_type":"article","og_title":"AB Automotive - DriveBlue","og_description":"\u00c0 Vilvoorde et Schaerbeek, les salles d'exposition d'AB Automotive proposent un grand nombre de voitures Ford neuves et d'occasion.","og_url":"https:\/\/www.driveblue.be\/fr\/ab-automotive\/","og_site_name":"DriveBlue","article_modified_time":"2023-02-21T11:23:03+00:00","twitter_card":"summary_large_image","twitter_misc":{"Dur\u00e9e de lecture est.":"1 minute"},"schema":{"@context":"https:\/\/schema.org","@graph":[{"@type":"WebPage","@id":"https:\/\/www.driveblue.be\/fr\/ab-automotive\/","url":"https:\/\/www.driveblue.be\/fr\/ab-automotive\/","name":"AB Automotive - DriveBlue","isPartOf":{"@id":"https:\/\/www.driveblue.be\/fr\/#website"},"datePublished":"2022-06-16T14:43:53+00:00","dateModified":"2023-02-21T11:23:03+00:00","description":"\u00c0 Vilvoorde et Schaerbeek, les salles d'exposition d'AB Automotive proposent un grand nombre de voitures Ford neuves et d'occasion.","breadcrumb":{"@id":"https:\/\/www.driveblue.be\/fr\/ab-automotive\/#breadcrumb"},"inLanguage":"fr-BE","potentialAction":[{"@type":"ReadAction","target":["https:\/\/www.driveblue.be\/fr\/ab-automotive\/"]}]},{"@type":"BreadcrumbList","@id":"https:\/\/www.driveblue.be\/fr\/ab-automotive\/#breadcrumb","itemListElement":[{"@type":"ListItem","position":1,"name":"Home","item":"https:\/\/www.driveblue.be\/fr\/"},{"@type":"ListItem","position":2,"name":"AB Automotive"}]},{"@type":"WebSite","@id":"https:\/\/www.driveblue.be\/fr\/#website","url":"https:\/\/www.driveblue.be\/fr\/","name":"DriveBlue","description":"","potentialAction":[{"@type":"SearchAction","target":{"@type":"EntryPoint","urlTemplate":"https:\/\/www.driveblue.be\/fr\/?s={search_term_string}"},"query-input":"required name=search_term_string"}],"inLanguage":"fr-BE"}]}},"_links":{"self":[{"href":"https:\/\/www.driveblue.be\/fr\/wp-json\/wp\/v2\/pages\/5633","targetHints":{"allow":["GET"]}}],"collection":[{"href":"https:\/\/www.driveblue.be\/fr\/wp-json\/wp\/v2\/pages"}],"about":[{"href":"https:\/\/www.driveblue.be\/fr\/wp-json\/wp\/v2\/types\/page"}],"author":[{"embeddable":true,"href":"https:\/\/www.driveblue.be\/fr\/wp-json\/wp\/v2\/users\/10"}],"replies":[{"embeddable":true,"href":"https:\/\/www.driveblue.be\/fr\/wp-json\/wp\/v2\/comments?post=5633"}],"version-history":[{"count":3,"href":"https:\/\/www.driveblue.be\/fr\/wp-json\/wp\/v2\/pages\/5633\/revisions"}],"predecessor-version":[{"id":7719,"href":"https:\/\/www.driveblue.be\/fr\/wp-json\/wp\/v2\/pages\/5633\/revisions\/7719"}],"wp:attachment":[{"href":"https:\/\/www.driveblue.be\/fr\/wp-json\/wp\/v2\/media?parent=5633"}],"curies":[{"name":"wp","href":"https:\/\/api.w.org\/{rel}","templated":true}]}}