{"id":6246,"date":"2022-11-07T11:51:47","date_gmt":"2022-11-07T10:51:47","guid":{"rendered":"https:\/\/www.driveblue.be\/home-waasland-automotive\/"},"modified":"2023-02-21T16:04:41","modified_gmt":"2023-02-21T15:04:41","slug":"waasland-automotive","status":"publish","type":"page","link":"https:\/\/www.driveblue.be\/fr\/waasland-automotive\/","title":{"rendered":"Waasland Automotive"},"content":{"rendered":"\n\t<section class=\"section hide-for-medium\" id=\"section_664875178\">\n\t\t<div class=\"bg section-bg fill bg-fill  bg-loaded\" >\n\n\t\t\t\n\t\t\t\n\t\t\t\n\n\t\t<\/div>\n\n\t\t\n\n\t\t<div class=\"section-content relative\">\n\t\t\t\n\n\t<div id=\"gap-320159574\" class=\"gap-element clearfix\" style=\"display:block; height:auto;\">\n\t\t\n<style>\n#gap-320159574 {\n  padding-top: 30px;\n}\n<\/style>\n\t<\/div>\n\t\n\n<div class=\"row row-collapse row-full-width align-middle align-center\"  id=\"row-741383425\">\n\n\n\t<div id=\"col-1041323953\" class=\"col medium-3 small-6 large-3\"  >\n\t\t\t\t<div class=\"col-inner text-center\"  >\n\t\t\t\n\t\t\t\n\n\t<div id=\"text-3898284970\" class=\"text\">\n\t\t\n\n<p class=\"secondary-color\"><i class=\"fas fa-car-alt primary-color\"><\/i> <b>Des voitures neuves tous les jours<\/b><\/p>\n\t\t\n<style>\n#text-3898284970 {\n  font-size: 0.75rem;\n}\n@media (min-width:550px) {\n  #text-3898284970 {\n    font-size: 1rem;\n  }\n}\n<\/style>\n\t<\/div>\n\t\n\n\t\t<\/div>\n\t\t\t\t\t<\/div>\n\n\t\n\n\t<div id=\"col-570857383\" class=\"col medium-3 small-6 large-3\"  >\n\t\t\t\t<div class=\"col-inner text-center\"  >\n\t\t\t\n\t\t\t\n\n\t<div id=\"text-316919960\" class=\"text\">\n\t\t\n\n<p class=\"secondary-color\"><i class=\"far fa-handshake primary-color\"><\/i> <b>Une acquisition exceptionnelle<\/b><\/p>\n\t\t\n<style>\n#text-316919960 {\n  font-size: 0.75rem;\n}\n@media (min-width:550px) {\n  #text-316919960 {\n    font-size: 1rem;\n  }\n}\n<\/style>\n\t<\/div>\n\t\n\n\t\t<\/div>\n\t\t\t\t\t<\/div>\n\n\t\n\n\t<div id=\"col-1923671792\" class=\"col medium-3 small-6 large-3\"  >\n\t\t\t\t<div class=\"col-inner text-center\"  >\n\t\t\t\n\t\t\t\n\n\t<div id=\"text-746317786\" class=\"text\">\n\t\t\n\n<p class=\"secondary-color\"><i class=\"far fa-calendar-check primary-color\"><\/i> <b>Rouler dans quelques semaines<\/b><\/p>\n\t\t\n<style>\n#text-746317786 {\n  font-size: 0.75rem;\n}\n@media (min-width:550px) {\n  #text-746317786 {\n    font-size: 1rem;\n  }\n}\n<\/style>\n\t<\/div>\n\t\n\n\t\t<\/div>\n\t\t\t\t\t<\/div>\n\n\t\n\n\t<div id=\"col-2093811787\" class=\"col medium-3 small-6 large-3\"  >\n\t\t\t\t<div class=\"col-inner text-center\"  >\n\t\t\t\n\t\t\t\n\n\t<div id=\"text-4192316875\" class=\"text\">\n\t\t\n\n<p class=\"secondary-color\"><a href=\"https:\/\/www.driveblue.be\/fr\/contact\/\"> <i class=\"fas fa-map-marker-alt primary-color\"><\/i> <b>Toute la Belgique<\/b><\/a><\/p>\n\t\t\n<style>\n#text-4192316875 {\n  font-size: 0.75rem;\n}\n@media (min-width:550px) {\n  #text-4192316875 {\n    font-size: 1rem;\n  }\n}\n<\/style>\n\t<\/div>\n\t\n\n\t\t<\/div>\n\t\t\t\t\t<\/div>\n\n\t\n\n<\/div>\n\n\t\t<\/div>\n\n\t\t\n<style>\n#section_664875178 {\n  padding-top: 10px;\n  padding-bottom: 10px;\n}\n#section_664875178 .ux-shape-divider--top svg {\n  height: 150px;\n  --divider-top-width: 100%;\n}\n#section_664875178 .ux-shape-divider--bottom svg {\n  height: 150px;\n  --divider-width: 100%;\n}\n@media (min-width:550px) {\n  #section_664875178 {\n    padding-top: 0px;\n    padding-bottom: 0px;\n  }\n}\n<\/style>\n\t<\/section>\n\t\n\t<section class=\"section show-for-small\" id=\"section_1964838448\">\n\t\t<div class=\"bg section-bg fill bg-fill  bg-loaded\" >\n\n\t\t\t\n\t\t\t\n\t\t\t\n\n\t\t<\/div>\n\n\t\t\n\n\t\t<div class=\"section-content relative\">\n\t\t\t\n\n<div class=\"row row-collapse align-middle align-center\"  id=\"row-636305813\">\n\n\n\t<div id=\"col-1753828883\" class=\"col medium-3 small-6 large-3\"  >\n\t\t\t\t<div class=\"col-inner text-center\"  >\n\t\t\t\n\t\t\t\n\n\t<div id=\"text-3840313634\" class=\"text\">\n\t\t\n\n<p class=\"secondary-color\"><i class=\"fas fa-car-alt primary-color\"><\/i> <b>Des voitures neuves tous les jours<\/b><\/p>\n\t\t\n<style>\n#text-3840313634 {\n  font-size: 0.75rem;\n}\n<\/style>\n\t<\/div>\n\t\n\n\t\t<\/div>\n\t\t\t\t\t<\/div>\n\n\t\n\n\t<div id=\"col-1274156705\" class=\"col medium-3 small-6 large-3\"  >\n\t\t\t\t<div class=\"col-inner text-center\"  >\n\t\t\t\n\t\t\t\n\n\t<div id=\"text-945175356\" class=\"text\">\n\t\t\n\n<p class=\"secondary-color\"><i class=\"far fa-handshake primary-color\"><\/i> <b>Une acquisition exceptionnelle<\/b><\/p>\n\t\t\n<style>\n#text-945175356 {\n  font-size: 0.75rem;\n}\n<\/style>\n\t<\/div>\n\t\n\n\t\t<\/div>\n\t\t\t\t\t<\/div>\n\n\t\n\n\t<div id=\"col-191733791\" class=\"col medium-3 small-6 large-3\"  >\n\t\t\t\t<div class=\"col-inner text-center\"  >\n\t\t\t\n\t\t\t\n\n\t<div id=\"text-1989402497\" class=\"text\">\n\t\t\n\n<p class=\"secondary-color\"><i class=\"far fa-calendar-check primary-color\"><\/i> <b>Rouler dans quelques semaines<\/b><\/p>\n\t\t\n<style>\n#text-1989402497 {\n  font-size: 0.75rem;\n}\n<\/style>\n\t<\/div>\n\t\n\n\t\t<\/div>\n\t\t\t\t\t<\/div>\n\n\t\n\n\t<div id=\"col-986210947\" class=\"col medium-3 small-6 large-3\"  >\n\t\t\t\t<div class=\"col-inner text-center\"  >\n\t\t\t\n\t\t\t\n\n\t<div id=\"text-2767236244\" class=\"text\">\n\t\t\n\n<p class=\"secondary-color\"><a href=\"https:\/\/www.driveblue.be\/fr\/contact\/\"> <i class=\"fas fa-map-marker-alt primary-color\"><\/i> <b>Toute la Belgique<\/b><\/a><\/p>\n\t\t\n<style>\n#text-2767236244 {\n  font-size: 0.75rem;\n}\n<\/style>\n\t<\/div>\n\t\n\n\t\t<\/div>\n\t\t\t\t\t<\/div>\n\n\t\n\n<\/div>\n\n\t\t<\/div>\n\n\t\t\n<style>\n#section_1964838448 {\n  padding-top: 10px;\n  padding-bottom: 10px;\n}\n#section_1964838448 .ux-shape-divider--top svg {\n  height: 150px;\n  --divider-top-width: 100%;\n}\n#section_1964838448 .ux-shape-divider--bottom svg {\n  height: 150px;\n  --divider-width: 100%;\n}\n@media (min-width:550px) {\n  #section_1964838448 {\n    padding-top: 0px;\n    padding-bottom: 0px;\n  }\n}\n<\/style>\n\t<\/section>\n\t\n\n\n  <div class=\"banner has-hover has-parallax\" id=\"banner-1671414857\">\n          <div class=\"banner-inner fill\">\n        <div class=\"banner-bg fill\" data-parallax=\"-2\" data-parallax-container=\".banner\" data-parallax-background>\n            <div class=\"bg fill bg-fill \"><\/div>\n                        <div class=\"overlay\"><\/div>            \n                    <\/div>\n\t\t\n        <div class=\"banner-layers container\">\n            <div class=\"fill banner-link\"><\/div>            \n\n   <div id=\"text-box-1285162831\" class=\"text-box banner-layer x50 md-x50 lg-x50 y50 md-y50 lg-y50 res-text\">\n                                <div class=\"text-box-content text box-shadow-3\">\n              \n              <div class=\"text-inner text-left\">\n                  \n\n\t<div id=\"text-940030317\" class=\"text\">\n\t\t\n\n<h3>Waasland Automotive<\/h3>\n<p>Waasland Automotive se pr\u00e9sente comme une entreprise automobile polyvalente dont l\u2019objectif est de garantir \u00e0 tous ses clients la mobilit\u00e9 sous tous ses aspects et dans tous les domaines. En tant que concessionnaire Ford et Mazda agr\u00e9\u00e9 dans la r\u00e9gion du Waasland, nous disposons d\u2019un FordStore \u00e0 Beveren et d\u2019une succursale Mazda et Ford \u00e0 Sint-Niklaas. Nous avons \u00e9galement un magasin d\u2019accessoires Carmaxx o\u00f9 nous proposons des produits de Thule et Megiuars et d\u2019autres produits pour entretenir votre voiture. En outre, Waasland Automotive poss\u00e8de \u00e9galement deux centres de pneus Profile Car &amp; Tyreservice \u00e0 &nbsp;Anvers &nbsp;et \u00e0 &nbsp; Beveren.   <\/p>\n\t\t\n<style>\n#text-940030317 {\n  font-size: 1rem;\n  color: rgb(23, 43, 76);\n}\n#text-940030317 > * {\n  color: rgb(23, 43, 76);\n}\n<\/style>\n\t<\/div>\n\t\n<div class=\"row\"  id=\"row-1108464278\">\n\n\n\t<div id=\"col-1258226522\" class=\"col medium-6 small-12 large-6\"  >\n\t\t\t\t<div class=\"col-inner\"  >\n\t\t\t\n\t\t\t\n\n\t<div id=\"text-3933657346\" class=\"text\">\n\t\t\n\n<h4 class=\"thin-font\"><strong>Beveren<\/strong><\/h4>\n\n\t\t\n<style>\n#text-3933657346 {\n  line-height: 1;\n}\n<\/style>\n\t<\/div>\n\t\n<a href=\"mailto:bdc@waaslandautomotive.be\" target=\"_self\" class=\"button primary\"  >\n  <i class=\"icon-envelop\" aria-hidden=\"true\" ><\/i>  <span>CONTACTEZ-NOUS<\/span>\n  <\/a>\n\n\n<a href=\"tel:+32%203%20778%2079%2060\" target=\"_self\" class=\"button primary\"  >\n  <i class=\"icon-phone\" aria-hidden=\"true\" ><\/i>  <span>+32 3 778 79 60<\/span>\n  <\/a>\n\n\n\n\t\t<\/div>\n\t\t\t\t\t<\/div>\n\n\t\n\n\t<div id=\"col-396478019\" class=\"col medium-6 small-12 large-6\"  >\n\t\t\t\t<div class=\"col-inner\"  >\n\t\t\t\n\t\t\t\n\n\t<div id=\"text-1321935108\" class=\"text\">\n\t\t\n\n<h4 class=\"thin-font\"><strong>Sint-Niklaas<\/strong><\/h4>\n\t\t\n<style>\n#text-1321935108 {\n  line-height: 1;\n}\n<\/style>\n\t<\/div>\n\t\n<a href=\"mailto:bdc@waaslandautomotive.be\" target=\"_self\" class=\"button primary\"  >\n  <i class=\"icon-envelop\" aria-hidden=\"true\" ><\/i>  <span>CONTACTEZ-NOUS<\/span>\n  <\/a>\n\n\n<a href=\"tel:+32%203%20778%2079%2010\" target=\"_self\" class=\"button primary\"  >\n  <i class=\"icon-phone\" aria-hidden=\"true\" ><\/i>  <span>+32 3 778 79 10<\/span>\n  <\/a>\n\n\n\n\t\t<\/div>\n\t\t\t\t\t<\/div>\n\n\t\n\n<\/div>\n\n              <\/div>\n           <\/div>\n                            \n<style>\n#text-box-1285162831 .text-box-content {\n  background-color: rgba(208, 206, 206, 0.773);\n  font-size: 100%;\n}\n#text-box-1285162831 .text-inner {\n  padding: 20px 20px 20px 20px;\n}\n#text-box-1285162831 {\n  width: 94%;\n}\n@media (min-width:550px) {\n  #text-box-1285162831 {\n    width: 96%;\n  }\n}\n<\/style>\n    <\/div>\n \n\n        <\/div>\n      <\/div>\n\n            \n<style>\n#banner-1671414857 {\n  padding-top: 500px;\n  background-color: rgb(255, 255, 255);\n}\n#banner-1671414857 .bg.bg-loaded {\n  background-image: url(https:\/\/www.driveblue.be\/wp-content\/uploads\/2022\/11\/waasland.png);\n}\n#banner-1671414857 .overlay {\n  background-color: rgba(190, 190, 190, 0.2);\n}\n#banner-1671414857 .ux-shape-divider--top svg {\n  height: 150px;\n  --divider-top-width: 100%;\n}\n#banner-1671414857 .ux-shape-divider--bottom svg {\n  height: 150px;\n  --divider-width: 100%;\n}\n<\/style>\n  <\/div>\n\n\n\n\t<section class=\"section\" id=\"section_907956393\">\n\t\t<div class=\"bg section-bg fill bg-fill  bg-loaded\" >\n\n\t\t\t\n\t\t\t\n\t\t\t\n\n\t\t<\/div>\n\n\t\t\n\n\t\t<div class=\"section-content relative\">\n\t\t\t\n\n<div class=\"row\"  id=\"row-1226261291\">\n\n\n\t<div id=\"col-844352311\" class=\"col small-12 large-12\"  >\n\t\t\t\t<div class=\"col-inner\"  >\n\t\t\t\n\t\t\t\n\n\t<div id=\"text-3366351651\" class=\"text\">\n\t\t\n\n<p class=\"secondary-color\"><strong>Notre Offre<\/strong><\/p>\n\t\t\n<style>\n#text-3366351651 {\n  font-size: 1.85rem;\n  text-align: center;\n}\n<\/style>\n\t<\/div>\n\t\n\t<div id=\"home-stock-waasland-automotive\" class=\"api-plugin\" data-function-code=4b05f78c-b117-4ea1-9a54-6bedfd08c72b> <\/div>\n\n<div class=\"row\"  id=\"row-840115264\">\n\n\n\t<div id=\"col-1727530810\" class=\"col small-12 large-12\"  >\n\t\t\t\t<div class=\"col-inner text-center\"  >\n\t\t\t\n\t\t\t\n\n<a href=\"https:\/\/www.driveblue.be\/fr\/waasland-automotive-stock\/?-\" target=\"_self\" class=\"button primary\"  >\n    <span>D\u00c9COUVREZ TOUTE NOTRE GAMME<\/span>\n  <\/a>\n\n\n\n\t\t<\/div>\n\t\t\t\t\t<\/div>\n\n\t\n\n<\/div>\n\n\t\t<\/div>\n\t\t\t\t\t<\/div>\n\n\t\n\n<\/div>\n\n\t\t<\/div>\n\n\t\t\n<style>\n#section_907956393 {\n  padding-top: 30px;\n  padding-bottom: 30px;\n}\n#section_907956393 .ux-shape-divider--top svg {\n  height: 150px;\n  --divider-top-width: 100%;\n}\n#section_907956393 .ux-shape-divider--bottom svg {\n  height: 150px;\n  --divider-width: 100%;\n}\n<\/style>\n\t<\/section>\n\t\n<div class=\"legalTextContainer\" id=\"legalTextContainer\">\n<div class=\"container\">\n<p class=\"legalText\">Attention, emprunter de l'argent co\u00fbte aussi de l'argent.<\/p>\n<div class=\"hideLegalText\" onclick=\"document.getElementById('legalTextContainer').style.display='none'\">OK<\/div>\n<\/p>\n<\/div>\n<\/div>\n","protected":false},"excerpt":{"rendered":"","protected":false},"author":13,"featured_media":0,"parent":0,"menu_order":0,"comment_status":"closed","ping_status":"closed","template":"","meta":{"footnotes":""},"class_list":["post-6246","page","type-page","status-publish","hentry"],"acf":[],"yoast_head":"<!-- This site is optimized with the Yoast SEO plugin v20.12 - https:\/\/yoast.com\/wordpress\/plugins\/seo\/ -->\n<title>Waasland Automotive - DriveBlue<\/title>\n<meta name=\"description\" content=\"Waasland Automotive et ses 2 concessions \u00e0 Beveren et Waasland vous accueille pour vous faire d\u00e9couvrir leur large choix de Ford en stock.\" \/>\n<meta name=\"robots\" content=\"index, follow, max-snippet:-1, max-image-preview:large, max-video-preview:-1\" \/>\n<link rel=\"canonical\" href=\"https:\/\/www.driveblue.be\/fr\/waasland-automotive\/\" \/>\n<meta property=\"og:locale\" content=\"fr_FR\" \/>\n<meta property=\"og:type\" content=\"article\" \/>\n<meta property=\"og:title\" content=\"Waasland Automotive - DriveBlue\" \/>\n<meta property=\"og:description\" content=\"Waasland Automotive et ses 2 concessions \u00e0 Beveren et Waasland vous accueille pour vous faire d\u00e9couvrir leur large choix de Ford en stock.\" \/>\n<meta property=\"og:url\" content=\"https:\/\/www.driveblue.be\/fr\/waasland-automotive\/\" \/>\n<meta property=\"og:site_name\" content=\"DriveBlue\" \/>\n<meta property=\"article:modified_time\" content=\"2023-02-21T15:04:41+00:00\" \/>\n<meta name=\"twitter:card\" content=\"summary_large_image\" \/>\n<meta name=\"twitter:label1\" content=\"Dur\u00e9e de lecture est.\" \/>\n\t<meta name=\"twitter:data1\" content=\"2 minutes\" \/>\n<script type=\"application\/ld+json\" class=\"yoast-schema-graph\">{\"@context\":\"https:\/\/schema.org\",\"@graph\":[{\"@type\":\"WebPage\",\"@id\":\"https:\/\/www.driveblue.be\/fr\/waasland-automotive\/\",\"url\":\"https:\/\/www.driveblue.be\/fr\/waasland-automotive\/\",\"name\":\"Waasland Automotive - DriveBlue\",\"isPartOf\":{\"@id\":\"https:\/\/www.driveblue.be\/fr\/#website\"},\"datePublished\":\"2022-11-07T10:51:47+00:00\",\"dateModified\":\"2023-02-21T15:04:41+00:00\",\"description\":\"Waasland Automotive et ses 2 concessions \u00e0 Beveren et Waasland vous accueille pour vous faire d\u00e9couvrir leur large choix de Ford en stock.\",\"breadcrumb\":{\"@id\":\"https:\/\/www.driveblue.be\/fr\/waasland-automotive\/#breadcrumb\"},\"inLanguage\":\"fr-BE\",\"potentialAction\":[{\"@type\":\"ReadAction\",\"target\":[\"https:\/\/www.driveblue.be\/fr\/waasland-automotive\/\"]}]},{\"@type\":\"BreadcrumbList\",\"@id\":\"https:\/\/www.driveblue.be\/fr\/waasland-automotive\/#breadcrumb\",\"itemListElement\":[{\"@type\":\"ListItem\",\"position\":1,\"name\":\"Home\",\"item\":\"https:\/\/www.driveblue.be\/fr\/\"},{\"@type\":\"ListItem\",\"position\":2,\"name\":\"Waasland Automotive\"}]},{\"@type\":\"WebSite\",\"@id\":\"https:\/\/www.driveblue.be\/fr\/#website\",\"url\":\"https:\/\/www.driveblue.be\/fr\/\",\"name\":\"DriveBlue\",\"description\":\"\",\"potentialAction\":[{\"@type\":\"SearchAction\",\"target\":{\"@type\":\"EntryPoint\",\"urlTemplate\":\"https:\/\/www.driveblue.be\/fr\/?s={search_term_string}\"},\"query-input\":\"required name=search_term_string\"}],\"inLanguage\":\"fr-BE\"}]}<\/script>\n<!-- \/ Yoast SEO plugin. -->","yoast_head_json":{"title":"Waasland Automotive - DriveBlue","description":"Waasland Automotive et ses 2 concessions \u00e0 Beveren et Waasland vous accueille pour vous faire d\u00e9couvrir leur large choix de Ford en stock.","robots":{"index":"index","follow":"follow","max-snippet":"max-snippet:-1","max-image-preview":"max-image-preview:large","max-video-preview":"max-video-preview:-1"},"canonical":"https:\/\/www.driveblue.be\/fr\/waasland-automotive\/","og_locale":"fr_FR","og_type":"article","og_title":"Waasland Automotive - DriveBlue","og_description":"Waasland Automotive et ses 2 concessions \u00e0 Beveren et Waasland vous accueille pour vous faire d\u00e9couvrir leur large choix de Ford en stock.","og_url":"https:\/\/www.driveblue.be\/fr\/waasland-automotive\/","og_site_name":"DriveBlue","article_modified_time":"2023-02-21T15:04:41+00:00","twitter_card":"summary_large_image","twitter_misc":{"Dur\u00e9e de lecture est.":"2 minutes"},"schema":{"@context":"https:\/\/schema.org","@graph":[{"@type":"WebPage","@id":"https:\/\/www.driveblue.be\/fr\/waasland-automotive\/","url":"https:\/\/www.driveblue.be\/fr\/waasland-automotive\/","name":"Waasland Automotive - DriveBlue","isPartOf":{"@id":"https:\/\/www.driveblue.be\/fr\/#website"},"datePublished":"2022-11-07T10:51:47+00:00","dateModified":"2023-02-21T15:04:41+00:00","description":"Waasland Automotive et ses 2 concessions \u00e0 Beveren et Waasland vous accueille pour vous faire d\u00e9couvrir leur large choix de Ford en stock.","breadcrumb":{"@id":"https:\/\/www.driveblue.be\/fr\/waasland-automotive\/#breadcrumb"},"inLanguage":"fr-BE","potentialAction":[{"@type":"ReadAction","target":["https:\/\/www.driveblue.be\/fr\/waasland-automotive\/"]}]},{"@type":"BreadcrumbList","@id":"https:\/\/www.driveblue.be\/fr\/waasland-automotive\/#breadcrumb","itemListElement":[{"@type":"ListItem","position":1,"name":"Home","item":"https:\/\/www.driveblue.be\/fr\/"},{"@type":"ListItem","position":2,"name":"Waasland Automotive"}]},{"@type":"WebSite","@id":"https:\/\/www.driveblue.be\/fr\/#website","url":"https:\/\/www.driveblue.be\/fr\/","name":"DriveBlue","description":"","potentialAction":[{"@type":"SearchAction","target":{"@type":"EntryPoint","urlTemplate":"https:\/\/www.driveblue.be\/fr\/?s={search_term_string}"},"query-input":"required name=search_term_string"}],"inLanguage":"fr-BE"}]}},"_links":{"self":[{"href":"https:\/\/www.driveblue.be\/fr\/wp-json\/wp\/v2\/pages\/6246","targetHints":{"allow":["GET"]}}],"collection":[{"href":"https:\/\/www.driveblue.be\/fr\/wp-json\/wp\/v2\/pages"}],"about":[{"href":"https:\/\/www.driveblue.be\/fr\/wp-json\/wp\/v2\/types\/page"}],"author":[{"embeddable":true,"href":"https:\/\/www.driveblue.be\/fr\/wp-json\/wp\/v2\/users\/13"}],"replies":[{"embeddable":true,"href":"https:\/\/www.driveblue.be\/fr\/wp-json\/wp\/v2\/comments?post=6246"}],"version-history":[{"count":5,"href":"https:\/\/www.driveblue.be\/fr\/wp-json\/wp\/v2\/pages\/6246\/revisions"}],"predecessor-version":[{"id":7761,"href":"https:\/\/www.driveblue.be\/fr\/wp-json\/wp\/v2\/pages\/6246\/revisions\/7761"}],"wp:attachment":[{"href":"https:\/\/www.driveblue.be\/fr\/wp-json\/wp\/v2\/media?parent=6246"}],"curies":[{"name":"wp","href":"https:\/\/api.w.org\/{rel}","templated":true}]}}