{"id":6369,"date":"2022-11-08T14:01:30","date_gmt":"2022-11-08T13:01:30","guid":{"rendered":"https:\/\/www.driveblue.be\/acheter-waasland-automotive\/"},"modified":"2022-11-10T11:46:48","modified_gmt":"2022-11-10T10:46:48","slug":"waasland-automotive-stock","status":"publish","type":"page","link":"https:\/\/www.driveblue.be\/fr\/waasland-automotive-stock\/","title":{"rendered":"Acheter &#8211; Waasland Automotive"},"content":{"rendered":"\n<div class=\"row row-small\"  id=\"row-1057227410\">\n\n\n\t<div id=\"col-712649106\" class=\"col filter-sidebar medium-3 small-12 large-3\"  >\n\t\t\t\t<div class=\"col-inner\"  >\n\t\t\t\n\t\t\t\n\n\t<div id=\"search-general\" class=\"api-plugin\" data-function-code=e79e1c5c-4ddb-4c96-a42d-df4d3cb222ae> <\/div>\n\n\n\t\t<\/div>\n\t\t\t\t\t<\/div>\n\n\t\n\n\t<div id=\"col-1998101670\" class=\"col medium-9 small-12 large-9\"  >\n\t\t\t\t<div class=\"col-inner\"  >\n\t\t\t\n\t\t\t\n\n\r\n\r\n\t<div id=\"stock-general\" class=\"api-plugin\" data-function-code=1a71dc56-0049-4c09-9cd7-96e77c544db9> <\/div>\r\n\r\n\r\n\t<div id=\"stock-general\" class=\"api-plugin\" data-function-code=1a71dc56-0049-4c09-9cd7-96e77c544db9> <\/div>\n\n\n\t\t<\/div>\n\t\t\t\t\t<\/div>\n\n\t\n\n<\/div>\n\t<section class=\"section dark\" id=\"section_1666999371\">\n\t\t<div class=\"bg section-bg fill bg-fill  bg-loaded\" >\n\n\t\t\t\n\t\t\t\n\t\t\t\n\n\t\t<\/div>\n\n\t\t\n\n\t\t<div class=\"section-content relative\">\n\t\t\t\n\n<div class=\"row align-middle\"  id=\"row-898644082\">\n\n\n\t<div id=\"col-842598829\" class=\"col medium-2 small-12 large-2\"  >\n\t\t\t\t<div class=\"col-inner\"  >\n\t\t\t\n\t\t\t\n\n\t<div class=\"img has-hover x md-x lg-x y md-y lg-y\" id=\"image_1221306190\">\n\t\t\t\t\t\t\t\t<div class=\"img-inner dark\" >\n\t\t\t<img loading=\"lazy\" decoding=\"async\" width=\"289\" height=\"237\" src=\"https:\/\/www.driveblue.be\/wp-content\/uploads\/2022\/06\/agent-image.png\" class=\"attachment-large size-large\" alt=\"\" \/>\t\t\t\t\t\t\n\t\t\t\t\t<\/div>\n\t\t\t\t\t\t\t\t\n<style>\n#image_1221306190 {\n  width: 100%;\n}\n<\/style>\n\t<\/div>\n\t\n\n\n\t\t<\/div>\n\t\t\t\t\t<\/div>\n\n\t\n\n\t<div id=\"col-1651009484\" class=\"col medium-10 small-12 large-10\"  >\n\t\t\t\t<div class=\"col-inner\"  >\n\t\t\t\n\t\t\t\n\n<h2 class=\"secondary-color\">Vous n'avez pas trouv\u00e9 ce que vous cherchiez? Nous cherchons pour vous!<\/h2>\n<p class=\"secondary-color\">Faites-nous part de vos souhaits \u00e0 notre Car Agent. Nous recherchons ensuite sur notre r\u00e9seau le v\u00e9hicule qui vous correspond le mieux.<\/p>\n<a href=\"https:\/\/www.driveblue.be\/fr\/car-agent\/\" target=\"_self\" class=\"button success mr-0\"  >\n    <span>UTILISEZ LE CAR AGENT<\/span>\n  <\/a>\n\n\n\n\t\t<\/div>\n\t\t\t\t\t<\/div>\n\n\t\n\n\n<style>\n#row-898644082 > .col > .col-inner {\n  padding: 15px 0px 0px 0px;\n}\n<\/style>\n<\/div>\n\n\t\t<\/div>\n\n\t\t\n<style>\n#section_1666999371 {\n  padding-top: 30px;\n  padding-bottom: 30px;\n  background-color: rgb(243, 245, 248);\n}\n#section_1666999371 .ux-shape-divider--top svg {\n  height: 150px;\n  --divider-top-width: 100%;\n}\n#section_1666999371 .ux-shape-divider--bottom svg {\n  height: 150px;\n  --divider-width: 100%;\n}\n<\/style>\n\t<\/section>\n\t\n\t<div id=\"gap-239733412\" class=\"gap-element clearfix\" style=\"display:block; height:auto;\">\n\t\t\n<style>\n#gap-239733412 {\n  padding-top: 30px;\n}\n<\/style>\n\t<\/div>\n\t\n\n<div class=\"legalTextContainer\" id=\"legalTextContainer\">\n<div class=\"container\">\n<p class=\"legalText\">Attention, emprunter de l'argent co\u00fbte aussi de l'argent.<\/p>\n<div class=\"hideLegalText\" onclick=\"document.getElementById('legalTextContainer').style.display='none'\">OK<\/div>\n<\/p>\n<\/div>\n<\/div>\n","protected":false},"excerpt":{"rendered":"","protected":false},"author":14,"featured_media":0,"parent":0,"menu_order":0,"comment_status":"closed","ping_status":"closed","template":"","meta":{"footnotes":""},"class_list":["post-6369","page","type-page","status-publish","hentry"],"acf":[],"yoast_head":"<!-- This site is optimized with the Yoast SEO plugin v20.12 - https:\/\/yoast.com\/wordpress\/plugins\/seo\/ -->\n<title>Acheter - Waasland Automotive - DriveBlue<\/title>\n<meta name=\"description\" content=\"Waasland Automotive et ses 2 concessions \u00e0 Beveren et Waasland vous accueille pour vous faire d\u00e9couvrir leur large choix de Ford en stock.\" \/>\n<meta name=\"robots\" content=\"index, follow, max-snippet:-1, max-image-preview:large, max-video-preview:-1\" \/>\n<link rel=\"canonical\" href=\"https:\/\/www.driveblue.be\/fr\/waasland-automotive-stock\/\" \/>\n<meta property=\"og:locale\" content=\"fr_FR\" \/>\n<meta property=\"og:type\" content=\"article\" \/>\n<meta property=\"og:title\" content=\"Acheter - Waasland Automotive - DriveBlue\" \/>\n<meta property=\"og:description\" content=\"Waasland Automotive et ses 2 concessions \u00e0 Beveren et Waasland vous accueille pour vous faire d\u00e9couvrir leur large choix de Ford en stock.\" \/>\n<meta property=\"og:url\" content=\"https:\/\/www.driveblue.be\/fr\/waasland-automotive-stock\/\" \/>\n<meta property=\"og:site_name\" content=\"DriveBlue\" \/>\n<meta property=\"article:modified_time\" content=\"2022-11-10T10:46:48+00:00\" \/>\n<meta name=\"twitter:card\" content=\"summary_large_image\" \/>\n<meta name=\"twitter:label1\" content=\"Dur\u00e9e de lecture est.\" \/>\n\t<meta name=\"twitter:data1\" content=\"1 minute\" \/>\n<script type=\"application\/ld+json\" class=\"yoast-schema-graph\">{\"@context\":\"https:\/\/schema.org\",\"@graph\":[{\"@type\":\"WebPage\",\"@id\":\"https:\/\/www.driveblue.be\/fr\/waasland-automotive-stock\/\",\"url\":\"https:\/\/www.driveblue.be\/fr\/waasland-automotive-stock\/\",\"name\":\"Acheter - Waasland Automotive - DriveBlue\",\"isPartOf\":{\"@id\":\"https:\/\/www.driveblue.be\/fr\/#website\"},\"datePublished\":\"2022-11-08T13:01:30+00:00\",\"dateModified\":\"2022-11-10T10:46:48+00:00\",\"description\":\"Waasland Automotive et ses 2 concessions \u00e0 Beveren et Waasland vous accueille pour vous faire d\u00e9couvrir leur large choix de Ford en stock.\",\"breadcrumb\":{\"@id\":\"https:\/\/www.driveblue.be\/fr\/waasland-automotive-stock\/#breadcrumb\"},\"inLanguage\":\"fr-BE\",\"potentialAction\":[{\"@type\":\"ReadAction\",\"target\":[\"https:\/\/www.driveblue.be\/fr\/waasland-automotive-stock\/\"]}]},{\"@type\":\"BreadcrumbList\",\"@id\":\"https:\/\/www.driveblue.be\/fr\/waasland-automotive-stock\/#breadcrumb\",\"itemListElement\":[{\"@type\":\"ListItem\",\"position\":1,\"name\":\"Home\",\"item\":\"https:\/\/www.driveblue.be\/fr\/\"},{\"@type\":\"ListItem\",\"position\":2,\"name\":\"Acheter &#8211; Waasland Automotive\"}]},{\"@type\":\"WebSite\",\"@id\":\"https:\/\/www.driveblue.be\/fr\/#website\",\"url\":\"https:\/\/www.driveblue.be\/fr\/\",\"name\":\"DriveBlue\",\"description\":\"\",\"potentialAction\":[{\"@type\":\"SearchAction\",\"target\":{\"@type\":\"EntryPoint\",\"urlTemplate\":\"https:\/\/www.driveblue.be\/fr\/?s={search_term_string}\"},\"query-input\":\"required name=search_term_string\"}],\"inLanguage\":\"fr-BE\"}]}<\/script>\n<!-- \/ Yoast SEO plugin. -->","yoast_head_json":{"title":"Acheter - Waasland Automotive - DriveBlue","description":"Waasland Automotive et ses 2 concessions \u00e0 Beveren et Waasland vous accueille pour vous faire d\u00e9couvrir leur large choix de Ford en stock.","robots":{"index":"index","follow":"follow","max-snippet":"max-snippet:-1","max-image-preview":"max-image-preview:large","max-video-preview":"max-video-preview:-1"},"canonical":"https:\/\/www.driveblue.be\/fr\/waasland-automotive-stock\/","og_locale":"fr_FR","og_type":"article","og_title":"Acheter - Waasland Automotive - DriveBlue","og_description":"Waasland Automotive et ses 2 concessions \u00e0 Beveren et Waasland vous accueille pour vous faire d\u00e9couvrir leur large choix de Ford en stock.","og_url":"https:\/\/www.driveblue.be\/fr\/waasland-automotive-stock\/","og_site_name":"DriveBlue","article_modified_time":"2022-11-10T10:46:48+00:00","twitter_card":"summary_large_image","twitter_misc":{"Dur\u00e9e de lecture est.":"1 minute"},"schema":{"@context":"https:\/\/schema.org","@graph":[{"@type":"WebPage","@id":"https:\/\/www.driveblue.be\/fr\/waasland-automotive-stock\/","url":"https:\/\/www.driveblue.be\/fr\/waasland-automotive-stock\/","name":"Acheter - Waasland Automotive - DriveBlue","isPartOf":{"@id":"https:\/\/www.driveblue.be\/fr\/#website"},"datePublished":"2022-11-08T13:01:30+00:00","dateModified":"2022-11-10T10:46:48+00:00","description":"Waasland Automotive et ses 2 concessions \u00e0 Beveren et Waasland vous accueille pour vous faire d\u00e9couvrir leur large choix de Ford en stock.","breadcrumb":{"@id":"https:\/\/www.driveblue.be\/fr\/waasland-automotive-stock\/#breadcrumb"},"inLanguage":"fr-BE","potentialAction":[{"@type":"ReadAction","target":["https:\/\/www.driveblue.be\/fr\/waasland-automotive-stock\/"]}]},{"@type":"BreadcrumbList","@id":"https:\/\/www.driveblue.be\/fr\/waasland-automotive-stock\/#breadcrumb","itemListElement":[{"@type":"ListItem","position":1,"name":"Home","item":"https:\/\/www.driveblue.be\/fr\/"},{"@type":"ListItem","position":2,"name":"Acheter &#8211; Waasland Automotive"}]},{"@type":"WebSite","@id":"https:\/\/www.driveblue.be\/fr\/#website","url":"https:\/\/www.driveblue.be\/fr\/","name":"DriveBlue","description":"","potentialAction":[{"@type":"SearchAction","target":{"@type":"EntryPoint","urlTemplate":"https:\/\/www.driveblue.be\/fr\/?s={search_term_string}"},"query-input":"required name=search_term_string"}],"inLanguage":"fr-BE"}]}},"_links":{"self":[{"href":"https:\/\/www.driveblue.be\/fr\/wp-json\/wp\/v2\/pages\/6369","targetHints":{"allow":["GET"]}}],"collection":[{"href":"https:\/\/www.driveblue.be\/fr\/wp-json\/wp\/v2\/pages"}],"about":[{"href":"https:\/\/www.driveblue.be\/fr\/wp-json\/wp\/v2\/types\/page"}],"author":[{"embeddable":true,"href":"https:\/\/www.driveblue.be\/fr\/wp-json\/wp\/v2\/users\/14"}],"replies":[{"embeddable":true,"href":"https:\/\/www.driveblue.be\/fr\/wp-json\/wp\/v2\/comments?post=6369"}],"version-history":[{"count":0,"href":"https:\/\/www.driveblue.be\/fr\/wp-json\/wp\/v2\/pages\/6369\/revisions"}],"wp:attachment":[{"href":"https:\/\/www.driveblue.be\/fr\/wp-json\/wp\/v2\/media?parent=6369"}],"curies":[{"name":"wp","href":"https:\/\/api.w.org\/{rel}","templated":true}]}}