{"id":7021,"date":"2023-01-10T15:22:08","date_gmt":"2023-01-10T14:22:08","guid":{"rendered":"https:\/\/www.driveblue.be\/van-den-poel\/"},"modified":"2023-02-20T16:17:28","modified_gmt":"2023-02-20T15:17:28","slug":"van-den-poel","status":"publish","type":"page","link":"https:\/\/www.driveblue.be\/fr\/van-den-poel\/","title":{"rendered":"Van den Poel"},"content":{"rendered":"\n\t<section class=\"section hide-for-medium\" id=\"section_1767226094\">\n\t\t<div class=\"bg section-bg fill bg-fill  bg-loaded\" >\n\n\t\t\t\n\t\t\t\n\t\t\t\n\n\t\t<\/div>\n\n\t\t\n\n\t\t<div class=\"section-content relative\">\n\t\t\t\n\n\t<div id=\"gap-1806475279\" class=\"gap-element clearfix\" style=\"display:block; height:auto;\">\n\t\t\n<style>\n#gap-1806475279 {\n  padding-top: 30px;\n}\n<\/style>\n\t<\/div>\n\t\n\n<div class=\"row row-collapse row-full-width align-middle align-center\"  id=\"row-2033777881\">\n\n\n\t<div id=\"col-872597793\" class=\"col medium-3 small-6 large-3\"  >\n\t\t\t\t<div class=\"col-inner text-center\"  >\n\t\t\t\n\t\t\t\n\n\t<div id=\"text-129076367\" class=\"text\">\n\t\t\n\n<p class=\"secondary-color\"><i class=\"fas fa-car-alt primary-color\"><\/i> <b>Des voitures neuves tous les jours<\/b><\/p>\n\t\t\n<style>\n#text-129076367 {\n  font-size: 0.75rem;\n}\n@media (min-width:550px) {\n  #text-129076367 {\n    font-size: 1rem;\n  }\n}\n<\/style>\n\t<\/div>\n\t\n\n\t\t<\/div>\n\t\t\t\t\t<\/div>\n\n\t\n\n\t<div id=\"col-310448974\" class=\"col medium-3 small-6 large-3\"  >\n\t\t\t\t<div class=\"col-inner text-center\"  >\n\t\t\t\n\t\t\t\n\n\t<div id=\"text-3542320374\" class=\"text\">\n\t\t\n\n<p class=\"secondary-color\"><i class=\"far fa-handshake primary-color\"><\/i> <b>Une acquisition exceptionnelle<\/b><\/p>\n\t\t\n<style>\n#text-3542320374 {\n  font-size: 0.75rem;\n}\n@media (min-width:550px) {\n  #text-3542320374 {\n    font-size: 1rem;\n  }\n}\n<\/style>\n\t<\/div>\n\t\n\n\t\t<\/div>\n\t\t\t\t\t<\/div>\n\n\t\n\n\t<div id=\"col-1779769830\" class=\"col medium-3 small-6 large-3\"  >\n\t\t\t\t<div class=\"col-inner text-center\"  >\n\t\t\t\n\t\t\t\n\n\t<div id=\"text-592541635\" class=\"text\">\n\t\t\n\n<p class=\"secondary-color\"><i class=\"far fa-calendar-check primary-color\"><\/i> <b>Rouler dans quelques semaines<\/b><\/p>\n\t\t\n<style>\n#text-592541635 {\n  font-size: 0.75rem;\n}\n@media (min-width:550px) {\n  #text-592541635 {\n    font-size: 1rem;\n  }\n}\n<\/style>\n\t<\/div>\n\t\n\n\t\t<\/div>\n\t\t\t\t\t<\/div>\n\n\t\n\n\t<div id=\"col-1826738119\" class=\"col medium-3 small-6 large-3\"  >\n\t\t\t\t<div class=\"col-inner text-center\"  >\n\t\t\t\n\t\t\t\n\n\t<div id=\"text-1012922354\" class=\"text\">\n\t\t\n\n<p class=\"secondary-color\"><a href=\"https:\/\/www.driveblue.be\/fr\/contact\/\"> <i class=\"fas fa-map-marker-alt primary-color\"><\/i> <b>Toute la Belgique<\/b><\/a><\/p>\n\t\t\n<style>\n#text-1012922354 {\n  font-size: 0.75rem;\n}\n@media (min-width:550px) {\n  #text-1012922354 {\n    font-size: 1rem;\n  }\n}\n<\/style>\n\t<\/div>\n\t\n\n\t\t<\/div>\n\t\t\t\t\t<\/div>\n\n\t\n\n<\/div>\n\n\t\t<\/div>\n\n\t\t\n<style>\n#section_1767226094 {\n  padding-top: 10px;\n  padding-bottom: 10px;\n}\n#section_1767226094 .ux-shape-divider--top svg {\n  height: 150px;\n  --divider-top-width: 100%;\n}\n#section_1767226094 .ux-shape-divider--bottom svg {\n  height: 150px;\n  --divider-width: 100%;\n}\n@media (min-width:550px) {\n  #section_1767226094 {\n    padding-top: 0px;\n    padding-bottom: 0px;\n  }\n}\n<\/style>\n\t<\/section>\n\t\n\t<section class=\"section show-for-small\" id=\"section_1670753810\">\n\t\t<div class=\"bg section-bg fill bg-fill  bg-loaded\" >\n\n\t\t\t\n\t\t\t\n\t\t\t\n\n\t\t<\/div>\n\n\t\t\n\n\t\t<div class=\"section-content relative\">\n\t\t\t\n\n<div class=\"row row-collapse align-middle align-center\"  id=\"row-1516940164\">\n\n\n\t<div id=\"col-1062516975\" class=\"col medium-3 small-6 large-3\"  >\n\t\t\t\t<div class=\"col-inner text-center\"  >\n\t\t\t\n\t\t\t\n\n\t<div id=\"text-3126577876\" class=\"text\">\n\t\t\n\n<p class=\"secondary-color\"><i class=\"fas fa-car-alt primary-color\"><\/i> <b>Des voitures neuves tous les jours<\/b><\/p>\n\t\t\n<style>\n#text-3126577876 {\n  font-size: 0.75rem;\n}\n<\/style>\n\t<\/div>\n\t\n\n\t\t<\/div>\n\t\t\t\t\t<\/div>\n\n\t\n\n\t<div id=\"col-1838424342\" class=\"col medium-3 small-6 large-3\"  >\n\t\t\t\t<div class=\"col-inner text-center\"  >\n\t\t\t\n\t\t\t\n\n\t<div id=\"text-520984008\" class=\"text\">\n\t\t\n\n<p class=\"secondary-color\"><i class=\"far fa-handshake primary-color\"><\/i> <b>Une acquisition exceptionnelle<\/b><\/p>\n\t\t\n<style>\n#text-520984008 {\n  font-size: 0.75rem;\n}\n<\/style>\n\t<\/div>\n\t\n\n\t\t<\/div>\n\t\t\t\t\t<\/div>\n\n\t\n\n\t<div id=\"col-1640091573\" class=\"col medium-3 small-6 large-3\"  >\n\t\t\t\t<div class=\"col-inner text-center\"  >\n\t\t\t\n\t\t\t\n\n\t<div id=\"text-443154738\" class=\"text\">\n\t\t\n\n<p class=\"secondary-color\"><i class=\"far fa-calendar-check primary-color\"><\/i> <b>Rouler dans quelques semaines<\/b><\/p>\n\t\t\n<style>\n#text-443154738 {\n  font-size: 0.75rem;\n}\n<\/style>\n\t<\/div>\n\t\n\n\t\t<\/div>\n\t\t\t\t\t<\/div>\n\n\t\n\n\t<div id=\"col-1263975200\" class=\"col medium-3 small-6 large-3\"  >\n\t\t\t\t<div class=\"col-inner text-center\"  >\n\t\t\t\n\t\t\t\n\n\t<div id=\"text-1538845168\" class=\"text\">\n\t\t\n\n<p class=\"secondary-color\"><a href=\"https:\/\/www.driveblue.be\/fr\/contact\/\"> <i class=\"fas fa-map-marker-alt primary-color\"><\/i> <b>Toute la Belgique<\/b><\/a><\/p>\n\t\t\n<style>\n#text-1538845168 {\n  font-size: 0.75rem;\n}\n<\/style>\n\t<\/div>\n\t\n\n\t\t<\/div>\n\t\t\t\t\t<\/div>\n\n\t\n\n<\/div>\n\n\t\t<\/div>\n\n\t\t\n<style>\n#section_1670753810 {\n  padding-top: 10px;\n  padding-bottom: 10px;\n}\n#section_1670753810 .ux-shape-divider--top svg {\n  height: 150px;\n  --divider-top-width: 100%;\n}\n#section_1670753810 .ux-shape-divider--bottom svg {\n  height: 150px;\n  --divider-width: 100%;\n}\n@media (min-width:550px) {\n  #section_1670753810 {\n    padding-top: 0px;\n    padding-bottom: 0px;\n  }\n}\n<\/style>\n\t<\/section>\n\t\n\n\n  <div class=\"banner has-hover has-parallax\" id=\"banner-602643506\">\n          <div class=\"banner-inner fill\">\n        <div class=\"banner-bg fill\" data-parallax=\"-2\" data-parallax-container=\".banner\" data-parallax-background>\n            <div class=\"bg fill bg-fill \"><\/div>\n                                    \n                    <\/div>\n\t\t\n        <div class=\"banner-layers container\">\n            <div class=\"fill banner-link\"><\/div>            \n\n   <div id=\"text-box-291460236\" class=\"text-box banner-layer x50 md-x50 lg-x50 y50 md-y50 lg-y50 res-text\">\n                                <div class=\"text-box-content text \">\n              \n              <div class=\"text-inner text-left\">\n                  \n\n\t<div id=\"text-4113978933\" class=\"text\">\n\t\t\n\n<h3><b><span data-sheets-value=\"{\"1\":2,\"2\":\"Spirlet Automobiles\"}\" data-sheets-userformat=\"{\"2\":29579,\"3\":{\"1\":0},\"4\":{\"1\":2,\"2\":16184050},\"6\":{\"1\":&#091;{\"1\":2,\"2\":0,\"5\":{\"1\":2,\"2\":0}},{\"1\":0,\"2\":0,\"3\":3},{\"1\":1,\"2\":0,\"4\":1}&#093;},\"10\":0,\"11\":4,\"12\":0,\"15\":\"Open Sans\",\"16\":11,\"17\":0}\">Van den Poel Motors<\/span><\/b><\/h3>\n<p><span style=\"font-weight: 400;\">Dans notre garage de Deinze, nous sommes heureux de vous aider \u00e0 poursuivre votre route. Que vous recherchiez une voiture de stock ou une voiture neuve, vous pouvez compter sur nous pour vous donner les bons conseils. <\/span><\/p>\n<p><span style=\"font-weight: 400;\">Nous sommes fiers d&#8217;annoncer que Van den Poel Motors \u00e0 Deinze a remport\u00e9 le Ford Chairman&#8217;s Award 2021 ! Nous avons re\u00e7u ce prix pour notre service de vente exceptionnel. Nous avons \u00e9galement re\u00e7u ce prix en 2016, 2018, 2019 et 2020.   <\/span><\/p>\n\t\t\n<style>\n#text-4113978933 {\n  font-size: 1rem;\n  color: rgb(23, 43, 76);\n}\n#text-4113978933 > * {\n  color: rgb(23, 43, 76);\n}\n<\/style>\n\t<\/div>\n\t\n<div class=\"row\"  id=\"row-283885220\">\n\n\n\t<div id=\"col-368064452\" class=\"col medium-5 small-12 large-5\"  >\n\t\t\t\t<div class=\"col-inner\"  >\n\t\t\t\n\t\t\t\n\n<h4 class=\"thin-font\"><strong>Van den Poel<\/strong><\/h4>\n<a href=\"mailto:dealer@garagevandenpoel.be\" target=\"_self\" class=\"button primary is-large\"  >\n  <i class=\"icon-envelop\" aria-hidden=\"true\" ><\/i>  <span>CONTACTEZ-NOUS<\/span>\n  <\/a>\n\n\n<a href=\"tel:+32093861059\" target=\"_self\" class=\"button primary is-large\"  >\n  <i class=\"icon-phone\" aria-hidden=\"true\" ><\/i>  <span>09 386 10 59<\/span>\n  <\/a>\n\n\n\n\t\t<\/div>\n\t\t\t\t\t<\/div>\n\n\t\n\n<\/div>\n\n              <\/div>\n           <\/div>\n                            \n<style>\n#text-box-291460236 .text-box-content {\n  background-color: rgba(208, 206, 206, 0.773);\n  font-size: 90%;\n}\n#text-box-291460236 .text-inner {\n  padding: 20px 20px 20px 20px;\n}\n#text-box-291460236 {\n  width: 94%;\n}\n<\/style>\n    <\/div>\n \n\n        <\/div>\n      <\/div>\n\n            \n<style>\n#banner-602643506 {\n  padding-top: 500px;\n}\n#banner-602643506 .bg.bg-loaded {\n  background-image: url(https:\/\/www.driveblue.be\/wp-content\/uploads\/2023\/01\/vandenpoel-scaled.jpg);\n}\n#banner-602643506 .bg {\n  background-position: 100% 0%;\n}\n#banner-602643506 .ux-shape-divider--top svg {\n  height: 150px;\n  --divider-top-width: 100%;\n}\n#banner-602643506 .ux-shape-divider--bottom svg {\n  height: 150px;\n  --divider-width: 100%;\n}\n<\/style>\n  <\/div>\n\n\n\t<section class=\"section\" id=\"section_54253969\">\n\t\t<div class=\"bg section-bg fill bg-fill  bg-loaded\" >\n\n\t\t\t\n\t\t\t\n\t\t\t\n\n\t\t<\/div>\n\n\t\t\n\n\t\t<div class=\"section-content relative\">\n\t\t\t\n\n<div class=\"row\"  id=\"row-1049458800\">\n\n\n\t<div id=\"col-1920723303\" class=\"col small-12 large-12\"  >\n\t\t\t\t<div class=\"col-inner\"  >\n\t\t\t\n\t\t\t\n\n\t<div id=\"text-1015225133\" class=\"text\">\n\t\t\n\n<p class=\"secondary-color\"><strong>Notre Offre<\/strong><\/p>\n\t\t\n<style>\n#text-1015225133 {\n  font-size: 1.85rem;\n  text-align: center;\n}\n<\/style>\n\t<\/div>\n\t\n<p>\t<div id=\"home-stock-VanDenPoel\" class=\"api-plugin\" data-function-code=640e72dd-ca32-44df-9954-e145152ade35> <\/div><\/p>\n\n<div class=\"row\"  id=\"row-592575097\">\n\n\n\t<div id=\"col-223443878\" class=\"col small-12 large-12\"  >\n\t\t\t\t<div class=\"col-inner text-center\"  >\n\t\t\t\n\t\t\t\n\n<a href=\"https:\/\/www.driveblue.be\/fr\/van-den-poel-stock\/\" target=\"_self\" class=\"button primary\"  >\n    <span>D\u00c9COUVREZ TOUTE NOTRE GAMME<\/span>\n  <\/a>\n\n\n\n\t\t<\/div>\n\t\t\t\t\t<\/div>\n\n\t\n\n<\/div>\n\n\t\t<\/div>\n\t\t\t\t\t<\/div>\n\n\t\n\n<\/div>\n\n\t\t<\/div>\n\n\t\t\n<style>\n#section_54253969 {\n  padding-top: 30px;\n  padding-bottom: 30px;\n}\n#section_54253969 .ux-shape-divider--top svg {\n  height: 150px;\n  --divider-top-width: 100%;\n}\n#section_54253969 .ux-shape-divider--bottom svg {\n  height: 150px;\n  --divider-width: 100%;\n}\n<\/style>\n\t<\/section>\n\t\n\t<div id=\"gap-1659816193\" class=\"gap-element clearfix\" style=\"display:block; height:auto;\">\n\t\t\n<style>\n#gap-1659816193 {\n  padding-top: 30px;\n}\n<\/style>\n\t<\/div>\n\t\n\n<div class=\"legalTextContainer\" id=\"legalTextContainer\">\n<div class=\"container\">\n<p class=\"legalText\">Attention, emprunter de l'argent co\u00fbte aussi de l'argent.<\/p>\n<div class=\"hideLegalText\" onclick=\"document.getElementById('legalTextContainer').style.display='none'\">OK<\/div>\n<\/p>\n<\/div>\n<\/div>\n","protected":false},"excerpt":{"rendered":"","protected":false},"author":18,"featured_media":0,"parent":0,"menu_order":0,"comment_status":"closed","ping_status":"closed","template":"","meta":{"footnotes":""},"class_list":["post-7021","page","type-page","status-publish","hentry"],"acf":[],"yoast_head":"<!-- This site is optimized with the Yoast SEO plugin v20.12 - https:\/\/yoast.com\/wordpress\/plugins\/seo\/ -->\n<title>Van den Poel - DriveBlue<\/title>\n<meta name=\"description\" content=\"Van Den Poel motors \u00e0 Deinze se fera un plaisir de vous aider, que vous soyez \u00e0 la recherche d&#039;une voiture de stock, d&#039;une voiture d&#039;occasion ou de nouvelles voitures Ford.\" \/>\n<meta name=\"robots\" content=\"index, follow, max-snippet:-1, max-image-preview:large, max-video-preview:-1\" \/>\n<link rel=\"canonical\" href=\"https:\/\/www.driveblue.be\/fr\/van-den-poel\/\" \/>\n<meta property=\"og:locale\" content=\"fr_FR\" \/>\n<meta property=\"og:type\" content=\"article\" \/>\n<meta property=\"og:title\" content=\"Van den Poel - DriveBlue\" \/>\n<meta property=\"og:description\" content=\"Van Den Poel motors \u00e0 Deinze se fera un plaisir de vous aider, que vous soyez \u00e0 la recherche d&#039;une voiture de stock, d&#039;une voiture d&#039;occasion ou de nouvelles voitures Ford.\" \/>\n<meta property=\"og:url\" content=\"https:\/\/www.driveblue.be\/fr\/van-den-poel\/\" \/>\n<meta property=\"og:site_name\" content=\"DriveBlue\" \/>\n<meta property=\"article:modified_time\" content=\"2023-02-20T15:17:28+00:00\" \/>\n<meta name=\"twitter:card\" content=\"summary_large_image\" \/>\n<meta name=\"twitter:label1\" content=\"Dur\u00e9e de lecture est.\" \/>\n\t<meta name=\"twitter:data1\" content=\"1 minute\" \/>\n<script type=\"application\/ld+json\" class=\"yoast-schema-graph\">{\"@context\":\"https:\/\/schema.org\",\"@graph\":[{\"@type\":\"WebPage\",\"@id\":\"https:\/\/www.driveblue.be\/fr\/van-den-poel\/\",\"url\":\"https:\/\/www.driveblue.be\/fr\/van-den-poel\/\",\"name\":\"Van den Poel - DriveBlue\",\"isPartOf\":{\"@id\":\"https:\/\/www.driveblue.be\/fr\/#website\"},\"datePublished\":\"2023-01-10T14:22:08+00:00\",\"dateModified\":\"2023-02-20T15:17:28+00:00\",\"description\":\"Van Den Poel motors \u00e0 Deinze se fera un plaisir de vous aider, que vous soyez \u00e0 la recherche d'une voiture de stock, d'une voiture d'occasion ou de nouvelles voitures Ford.\",\"breadcrumb\":{\"@id\":\"https:\/\/www.driveblue.be\/fr\/van-den-poel\/#breadcrumb\"},\"inLanguage\":\"fr-BE\",\"potentialAction\":[{\"@type\":\"ReadAction\",\"target\":[\"https:\/\/www.driveblue.be\/fr\/van-den-poel\/\"]}]},{\"@type\":\"BreadcrumbList\",\"@id\":\"https:\/\/www.driveblue.be\/fr\/van-den-poel\/#breadcrumb\",\"itemListElement\":[{\"@type\":\"ListItem\",\"position\":1,\"name\":\"Home\",\"item\":\"https:\/\/www.driveblue.be\/fr\/\"},{\"@type\":\"ListItem\",\"position\":2,\"name\":\"Van den Poel\"}]},{\"@type\":\"WebSite\",\"@id\":\"https:\/\/www.driveblue.be\/fr\/#website\",\"url\":\"https:\/\/www.driveblue.be\/fr\/\",\"name\":\"DriveBlue\",\"description\":\"\",\"potentialAction\":[{\"@type\":\"SearchAction\",\"target\":{\"@type\":\"EntryPoint\",\"urlTemplate\":\"https:\/\/www.driveblue.be\/fr\/?s={search_term_string}\"},\"query-input\":\"required name=search_term_string\"}],\"inLanguage\":\"fr-BE\"}]}<\/script>\n<!-- \/ Yoast SEO plugin. -->","yoast_head_json":{"title":"Van den Poel - DriveBlue","description":"Van Den Poel motors \u00e0 Deinze se fera un plaisir de vous aider, que vous soyez \u00e0 la recherche d'une voiture de stock, d'une voiture d'occasion ou de nouvelles voitures Ford.","robots":{"index":"index","follow":"follow","max-snippet":"max-snippet:-1","max-image-preview":"max-image-preview:large","max-video-preview":"max-video-preview:-1"},"canonical":"https:\/\/www.driveblue.be\/fr\/van-den-poel\/","og_locale":"fr_FR","og_type":"article","og_title":"Van den Poel - DriveBlue","og_description":"Van Den Poel motors \u00e0 Deinze se fera un plaisir de vous aider, que vous soyez \u00e0 la recherche d'une voiture de stock, d'une voiture d'occasion ou de nouvelles voitures Ford.","og_url":"https:\/\/www.driveblue.be\/fr\/van-den-poel\/","og_site_name":"DriveBlue","article_modified_time":"2023-02-20T15:17:28+00:00","twitter_card":"summary_large_image","twitter_misc":{"Dur\u00e9e de lecture est.":"1 minute"},"schema":{"@context":"https:\/\/schema.org","@graph":[{"@type":"WebPage","@id":"https:\/\/www.driveblue.be\/fr\/van-den-poel\/","url":"https:\/\/www.driveblue.be\/fr\/van-den-poel\/","name":"Van den Poel - DriveBlue","isPartOf":{"@id":"https:\/\/www.driveblue.be\/fr\/#website"},"datePublished":"2023-01-10T14:22:08+00:00","dateModified":"2023-02-20T15:17:28+00:00","description":"Van Den Poel motors \u00e0 Deinze se fera un plaisir de vous aider, que vous soyez \u00e0 la recherche d'une voiture de stock, d'une voiture d'occasion ou de nouvelles voitures Ford.","breadcrumb":{"@id":"https:\/\/www.driveblue.be\/fr\/van-den-poel\/#breadcrumb"},"inLanguage":"fr-BE","potentialAction":[{"@type":"ReadAction","target":["https:\/\/www.driveblue.be\/fr\/van-den-poel\/"]}]},{"@type":"BreadcrumbList","@id":"https:\/\/www.driveblue.be\/fr\/van-den-poel\/#breadcrumb","itemListElement":[{"@type":"ListItem","position":1,"name":"Home","item":"https:\/\/www.driveblue.be\/fr\/"},{"@type":"ListItem","position":2,"name":"Van den Poel"}]},{"@type":"WebSite","@id":"https:\/\/www.driveblue.be\/fr\/#website","url":"https:\/\/www.driveblue.be\/fr\/","name":"DriveBlue","description":"","potentialAction":[{"@type":"SearchAction","target":{"@type":"EntryPoint","urlTemplate":"https:\/\/www.driveblue.be\/fr\/?s={search_term_string}"},"query-input":"required name=search_term_string"}],"inLanguage":"fr-BE"}]}},"_links":{"self":[{"href":"https:\/\/www.driveblue.be\/fr\/wp-json\/wp\/v2\/pages\/7021","targetHints":{"allow":["GET"]}}],"collection":[{"href":"https:\/\/www.driveblue.be\/fr\/wp-json\/wp\/v2\/pages"}],"about":[{"href":"https:\/\/www.driveblue.be\/fr\/wp-json\/wp\/v2\/types\/page"}],"author":[{"embeddable":true,"href":"https:\/\/www.driveblue.be\/fr\/wp-json\/wp\/v2\/users\/18"}],"replies":[{"embeddable":true,"href":"https:\/\/www.driveblue.be\/fr\/wp-json\/wp\/v2\/comments?post=7021"}],"version-history":[{"count":5,"href":"https:\/\/www.driveblue.be\/fr\/wp-json\/wp\/v2\/pages\/7021\/revisions"}],"predecessor-version":[{"id":7665,"href":"https:\/\/www.driveblue.be\/fr\/wp-json\/wp\/v2\/pages\/7021\/revisions\/7665"}],"wp:attachment":[{"href":"https:\/\/www.driveblue.be\/fr\/wp-json\/wp\/v2\/media?parent=7021"}],"curies":[{"name":"wp","href":"https:\/\/api.w.org\/{rel}","templated":true}]}}