{"id":7025,"date":"2023-01-10T15:24:24","date_gmt":"2023-01-10T14:24:24","guid":{"rendered":"https:\/\/www.driveblue.be\/spirlet\/"},"modified":"2023-01-10T15:30:31","modified_gmt":"2023-01-10T14:30:31","slug":"spirlet","status":"publish","type":"page","link":"https:\/\/www.driveblue.be\/fr\/spirlet\/","title":{"rendered":"Spirlet"},"content":{"rendered":"\n\t<section class=\"section hide-for-medium\" id=\"section_1838821627\">\n\t\t<div class=\"bg section-bg fill bg-fill  bg-loaded\" >\n\n\t\t\t\n\t\t\t\n\t\t\t\n\n\t\t<\/div>\n\n\t\t\n\n\t\t<div class=\"section-content relative\">\n\t\t\t\n\n\t<div id=\"gap-575965036\" class=\"gap-element clearfix\" style=\"display:block; height:auto;\">\n\t\t\n<style>\n#gap-575965036 {\n  padding-top: 30px;\n}\n<\/style>\n\t<\/div>\n\t\n\n<div class=\"row row-collapse row-full-width align-middle align-center\"  id=\"row-1044154172\">\n\n\n\t<div id=\"col-1082569512\" class=\"col medium-3 small-6 large-3\"  >\n\t\t\t\t<div class=\"col-inner text-center\"  >\n\t\t\t\n\t\t\t\n\n\t<div id=\"text-2541746191\" class=\"text\">\n\t\t\n\n<p class=\"secondary-color\"><i class=\"fas fa-car-alt primary-color\"><\/i> <b>Des voitures neuves tous les jours<\/b><\/p>\n\t\t\n<style>\n#text-2541746191 {\n  font-size: 0.75rem;\n}\n@media (min-width:550px) {\n  #text-2541746191 {\n    font-size: 1rem;\n  }\n}\n<\/style>\n\t<\/div>\n\t\n\n\t\t<\/div>\n\t\t\t\t\t<\/div>\n\n\t\n\n\t<div id=\"col-463019383\" class=\"col medium-3 small-6 large-3\"  >\n\t\t\t\t<div class=\"col-inner text-center\"  >\n\t\t\t\n\t\t\t\n\n\t<div id=\"text-582622317\" class=\"text\">\n\t\t\n\n<p class=\"secondary-color\"><i class=\"far fa-handshake primary-color\"><\/i> <b>Une acquisition exceptionnelle<\/b><\/p>\n\t\t\n<style>\n#text-582622317 {\n  font-size: 0.75rem;\n}\n@media (min-width:550px) {\n  #text-582622317 {\n    font-size: 1rem;\n  }\n}\n<\/style>\n\t<\/div>\n\t\n\n\t\t<\/div>\n\t\t\t\t\t<\/div>\n\n\t\n\n\t<div id=\"col-434993851\" class=\"col medium-3 small-6 large-3\"  >\n\t\t\t\t<div class=\"col-inner text-center\"  >\n\t\t\t\n\t\t\t\n\n\t<div id=\"text-290221109\" class=\"text\">\n\t\t\n\n<p class=\"secondary-color\"><i class=\"far fa-calendar-check primary-color\"><\/i> <b>Rouler dans quelques semaines<\/b><\/p>\n\t\t\n<style>\n#text-290221109 {\n  font-size: 0.75rem;\n}\n@media (min-width:550px) {\n  #text-290221109 {\n    font-size: 1rem;\n  }\n}\n<\/style>\n\t<\/div>\n\t\n\n\t\t<\/div>\n\t\t\t\t\t<\/div>\n\n\t\n\n\t<div id=\"col-833986237\" class=\"col medium-3 small-6 large-3\"  >\n\t\t\t\t<div class=\"col-inner text-center\"  >\n\t\t\t\n\t\t\t\n\n\t<div id=\"text-3557762998\" class=\"text\">\n\t\t\n\n<p class=\"secondary-color\"><a href=\"https:\/\/www.driveblue.be\/fr\/contact\/\"> <i class=\"fas fa-map-marker-alt primary-color\"><\/i> <b>Toute la Belgique<\/b><\/a><\/p>\n\t\t\n<style>\n#text-3557762998 {\n  font-size: 0.75rem;\n}\n@media (min-width:550px) {\n  #text-3557762998 {\n    font-size: 1rem;\n  }\n}\n<\/style>\n\t<\/div>\n\t\n\n\t\t<\/div>\n\t\t\t\t\t<\/div>\n\n\t\n\n<\/div>\n\n\t\t<\/div>\n\n\t\t\n<style>\n#section_1838821627 {\n  padding-top: 10px;\n  padding-bottom: 10px;\n}\n#section_1838821627 .ux-shape-divider--top svg {\n  height: 150px;\n  --divider-top-width: 100%;\n}\n#section_1838821627 .ux-shape-divider--bottom svg {\n  height: 150px;\n  --divider-width: 100%;\n}\n@media (min-width:550px) {\n  #section_1838821627 {\n    padding-top: 0px;\n    padding-bottom: 0px;\n  }\n}\n<\/style>\n\t<\/section>\n\t\n\t<section class=\"section show-for-small\" id=\"section_280500943\">\n\t\t<div class=\"bg section-bg fill bg-fill  bg-loaded\" >\n\n\t\t\t\n\t\t\t\n\t\t\t\n\n\t\t<\/div>\n\n\t\t\n\n\t\t<div class=\"section-content relative\">\n\t\t\t\n\n<div class=\"row row-collapse align-middle align-center\"  id=\"row-616886613\">\n\n\n\t<div id=\"col-1949167409\" class=\"col medium-3 small-6 large-3\"  >\n\t\t\t\t<div class=\"col-inner text-center\"  >\n\t\t\t\n\t\t\t\n\n\t<div id=\"text-202730117\" class=\"text\">\n\t\t\n\n<p class=\"secondary-color\"><i class=\"fas fa-car-alt primary-color\"><\/i> <b>Des voitures neuves tous les jours<\/b><\/p>\n\t\t\n<style>\n#text-202730117 {\n  font-size: 0.75rem;\n}\n<\/style>\n\t<\/div>\n\t\n\n\t\t<\/div>\n\t\t\t\t\t<\/div>\n\n\t\n\n\t<div id=\"col-304106212\" class=\"col medium-3 small-6 large-3\"  >\n\t\t\t\t<div class=\"col-inner text-center\"  >\n\t\t\t\n\t\t\t\n\n\t<div id=\"text-3629868812\" class=\"text\">\n\t\t\n\n<p class=\"secondary-color\"><i class=\"far fa-handshake primary-color\"><\/i> <b>Une acquisition exceptionnelle<\/b><\/p>\n\t\t\n<style>\n#text-3629868812 {\n  font-size: 0.75rem;\n}\n<\/style>\n\t<\/div>\n\t\n\n\t\t<\/div>\n\t\t\t\t\t<\/div>\n\n\t\n\n\t<div id=\"col-941508606\" class=\"col medium-3 small-6 large-3\"  >\n\t\t\t\t<div class=\"col-inner text-center\"  >\n\t\t\t\n\t\t\t\n\n\t<div id=\"text-4216095381\" class=\"text\">\n\t\t\n\n<p class=\"secondary-color\"><i class=\"far fa-calendar-check primary-color\"><\/i> <b>Rouler dans quelques semaines<\/b><\/p>\n\t\t\n<style>\n#text-4216095381 {\n  font-size: 0.75rem;\n}\n<\/style>\n\t<\/div>\n\t\n\n\t\t<\/div>\n\t\t\t\t\t<\/div>\n\n\t\n\n\t<div id=\"col-1473377777\" class=\"col medium-3 small-6 large-3\"  >\n\t\t\t\t<div class=\"col-inner text-center\"  >\n\t\t\t\n\t\t\t\n\n\t<div id=\"text-3682629586\" class=\"text\">\n\t\t\n\n<p class=\"secondary-color\"><a href=\"https:\/\/www.driveblue.be\/fr\/contact\/\"> <i class=\"fas fa-map-marker-alt primary-color\"><\/i> <b>Toute la Belgique<\/b><\/a><\/p>\n\t\t\n<style>\n#text-3682629586 {\n  font-size: 0.75rem;\n}\n<\/style>\n\t<\/div>\n\t\n\n\t\t<\/div>\n\t\t\t\t\t<\/div>\n\n\t\n\n<\/div>\n\n\t\t<\/div>\n\n\t\t\n<style>\n#section_280500943 {\n  padding-top: 10px;\n  padding-bottom: 10px;\n}\n#section_280500943 .ux-shape-divider--top svg {\n  height: 150px;\n  --divider-top-width: 100%;\n}\n#section_280500943 .ux-shape-divider--bottom svg {\n  height: 150px;\n  --divider-width: 100%;\n}\n@media (min-width:550px) {\n  #section_280500943 {\n    padding-top: 0px;\n    padding-bottom: 0px;\n  }\n}\n<\/style>\n\t<\/section>\n\t\n\n\n  <div class=\"banner has-hover has-parallax\" id=\"banner-777683165\">\n          <div class=\"banner-inner fill\">\n        <div class=\"banner-bg fill\" data-parallax=\"-2\" data-parallax-container=\".banner\" data-parallax-background>\n            <div class=\"bg fill bg-fill \"><\/div>\n                                    \n                    <\/div>\n\t\t\n        <div class=\"banner-layers container\">\n            <div class=\"fill banner-link\"><\/div>            \n\n   <div id=\"text-box-1956781769\" class=\"text-box banner-layer x50 md-x50 lg-x50 y50 md-y50 lg-y50 res-text\">\n                                <div class=\"text-box-content text \">\n              \n              <div class=\"text-inner text-left\">\n                  \n\n\t<div id=\"text-2257677421\" class=\"text\">\n\t\t\n\n<h3><b><span data-sheets-value=\"{\"1\":2,\"2\":\"Spirlet Automobiles\"}\" data-sheets-userformat=\"{\"2\":29579,\"3\":{\"1\":0},\"4\":{\"1\":2,\"2\":16184050},\"6\":{\"1\":&#091;{\"1\":2,\"2\":0,\"5\":{\"1\":2,\"2\":0}},{\"1\":0,\"2\":0,\"3\":3},{\"1\":1,\"2\":0,\"4\":1}&#093;},\"10\":0,\"11\":4,\"12\":0,\"15\":\"Open Sans\",\"16\":11,\"17\":0}\">Spirlet Automobiles<\/span><\/b><\/h3>\n<p><span style=\"font-weight: 400;\">Nos \u00e9quipes vous accueillent \u00e0 Verviers, Trois-Ponts et Ch\u00ean\u00e9e (Li\u00e8ge). Nous assurons sur l&#8217;ensemble de nos sites la vente de v\u00e9hicules neufs, vehicules professionnels, v\u00e9hicules d&#8217;occasions, l&#8217;entretien, la r\u00e9paration, la vente de pi\u00e8ces et d&#8217;accessoires d&#8217;origine garantie. <\/span><\/p>\n<p><span style=\"font-weight: 400;\">Rendez-nous visite, nous serons heureux de r\u00e9pondre \u00e0 toutes vos questions et de vous faire d\u00e9couvrir la gamme Ford.<\/span><\/p>\n\t\t\n<style>\n#text-2257677421 {\n  font-size: 1rem;\n  color: rgb(23, 43, 76);\n}\n#text-2257677421 > * {\n  color: rgb(23, 43, 76);\n}\n<\/style>\n\t<\/div>\n\t\n<div class=\"row\"  id=\"row-455129874\">\n\n\n\t<div id=\"col-126075924\" class=\"col medium-4 small-12 large-4\"  >\n\t\t\t\t<div class=\"col-inner\"  >\n\t\t\t\n\t\t\t\n\n<h4 class=\"thin-font\"><strong><span data-sheets-value=\"{\"1\":2,\"2\":\"Spirlet Automobiles\"}\" data-sheets-userformat=\"{\"2\":29579,\"3\":{\"1\":0},\"4\":{\"1\":2,\"2\":16184050},\"6\":{\"1\":&#091;{\"1\":2,\"2\":0,\"5\":{\"1\":2,\"2\":0}},{\"1\":0,\"2\":0,\"3\":3},{\"1\":1,\"2\":0,\"4\":1}&#093;},\"10\":0,\"11\":4,\"12\":0,\"15\":\"Open Sans\",\"16\":11,\"17\":0}\">Spirlet Automobiles <\/span>Verviers<\/strong><\/h4>\n<a href=\"mailto:sales.vvs@spirletautomobiles.be\" target=\"_self\" class=\"button primary is-large\"  >\n  <i class=\"icon-envelop\" aria-hidden=\"true\" ><\/i>  <span>CONTACTEZ-NOUS<\/span>\n  <\/a>\n\n\n<a href=\"tel:+3287340606\" target=\"_self\" class=\"button primary is-large\"  >\n  <i class=\"icon-phone\" aria-hidden=\"true\" ><\/i>  <span>08 734 06 06<\/span>\n  <\/a>\n\n\n\n\t\t<\/div>\n\t\t\t\t\t<\/div>\n\n\t\n\n\t<div id=\"col-1806653391\" class=\"col medium-4 small-12 large-4\"  >\n\t\t\t\t<div class=\"col-inner\"  >\n\t\t\t\n\t\t\t\n\n\t<div id=\"text-1747440487\" class=\"text\">\n\t\t\n\n<h4 class=\"thin-font\"><strong><span data-sheets-value=\"{\"1\":2,\"2\":\"Spirlet Automobiles\"}\" data-sheets-userformat=\"{\"2\":29579,\"3\":{\"1\":0},\"4\":{\"1\":2,\"2\":16184050},\"6\":{\"1\":&#091;{\"1\":2,\"2\":0,\"5\":{\"1\":2,\"2\":0}},{\"1\":0,\"2\":0,\"3\":3},{\"1\":1,\"2\":0,\"4\":1}&#093;},\"10\":0,\"11\":4,\"12\":0,\"15\":\"Open Sans\",\"16\":11,\"17\":0}\">Spirlet Automobiles<\/span> Luik<\/strong><\/h4>\n\t\t\n<style>\n#text-1747440487 {\n  color: rgb(23, 43, 76);\n}\n#text-1747440487 > * {\n  color: rgb(23, 43, 76);\n}\n<\/style>\n\t<\/div>\n\t\n<a href=\"mailto:sales.vvs@spirletautomobiles.be\" target=\"_self\" class=\"button primary is-large\"  >\n  <i class=\"icon-envelop\" aria-hidden=\"true\" ><\/i>  <span>CONTACTEZ-NOUS<\/span>\n  <\/a>\n\n\n<a href=\"tel:+3243440101\" target=\"_self\" class=\"button primary is-large\"  >\n  <i class=\"icon-phone\" aria-hidden=\"true\" ><\/i>  <span>04 344 01 01<\/span>\n  <\/a>\n\n\n\n\t\t<\/div>\n\t\t\t\t\t<\/div>\n\n\t\n\n\t<div id=\"col-1859756348\" class=\"col medium-4 small-12 large-4\"  >\n\t\t\t\t<div class=\"col-inner\"  >\n\t\t\t\n\t\t\t\n\n\t<div id=\"text-2445833948\" class=\"text\">\n\t\t\n\n<h4 class=\"thin-font\"><strong><span data-sheets-value=\"{\"1\":2,\"2\":\"Spirlet Automobiles\"}\" data-sheets-userformat=\"{\"2\":29579,\"3\":{\"1\":0},\"4\":{\"1\":2,\"2\":16184050},\"6\":{\"1\":&#091;{\"1\":2,\"2\":0,\"5\":{\"1\":2,\"2\":0}},{\"1\":0,\"2\":0,\"3\":3},{\"1\":1,\"2\":0,\"4\":1}&#093;},\"10\":0,\"11\":4,\"12\":0,\"15\":\"Open Sans\",\"16\":11,\"17\":0}\">Spirlet Automobiles<\/span> Trois-Ponts<\/strong><\/h4>\n\t\t\n<style>\n#text-2445833948 {\n  color: rgb(23, 43, 76);\n}\n#text-2445833948 > * {\n  color: rgb(23, 43, 76);\n}\n<\/style>\n\t<\/div>\n\t\n<a href=\"mailto:sales.tp@spirletautomobiles.be\" target=\"_self\" class=\"button primary is-large\"  >\n  <i class=\"icon-envelop\" aria-hidden=\"true\" ><\/i>  <span>CONTACTEZ-NOUS<\/span>\n  <\/a>\n\n\n<a href=\"tel:+3280684581\" target=\"_self\" class=\"button primary is-large\"  >\n  <i class=\"icon-phone\" aria-hidden=\"true\" ><\/i>  <span>08 068 45 81<\/span>\n  <\/a>\n\n\n\n\t\t<\/div>\n\t\t\t\t\t<\/div>\n\n\t\n\n<\/div>\n\n              <\/div>\n           <\/div>\n                            \n<style>\n#text-box-1956781769 .text-box-content {\n  background-color: rgba(208, 206, 206, 0.773);\n  font-size: 90%;\n}\n#text-box-1956781769 .text-inner {\n  padding: 20px 20px 20px 20px;\n}\n#text-box-1956781769 {\n  width: 94%;\n}\n<\/style>\n    <\/div>\n \n\n        <\/div>\n      <\/div>\n\n            \n<style>\n#banner-777683165 {\n  padding-top: 500px;\n}\n#banner-777683165 .bg.bg-loaded {\n  background-image: url(https:\/\/www.driveblue.be\/wp-content\/uploads\/2023\/01\/spirlet-scaled.jpg);\n}\n#banner-777683165 .bg {\n  background-position: 58% 60%;\n}\n#banner-777683165 .ux-shape-divider--top svg {\n  height: 150px;\n  --divider-top-width: 100%;\n}\n#banner-777683165 .ux-shape-divider--bottom svg {\n  height: 150px;\n  --divider-width: 100%;\n}\n<\/style>\n  <\/div>\n\n\n\t<section class=\"section\" id=\"section_1578141758\">\n\t\t<div class=\"bg section-bg fill bg-fill  bg-loaded\" >\n\n\t\t\t\n\t\t\t\n\t\t\t\n\n\t\t<\/div>\n\n\t\t\n\n\t\t<div class=\"section-content relative\">\n\t\t\t\n\n<div class=\"row\"  id=\"row-1982715394\">\n\n\n\t<div id=\"col-1170819747\" class=\"col small-12 large-12\"  >\n\t\t\t\t<div class=\"col-inner\"  >\n\t\t\t\n\t\t\t\n\n\t<div id=\"text-954915336\" class=\"text\">\n\t\t\n\n<p class=\"secondary-color\"><strong>Notre Offre<\/strong><\/p>\n\t\t\n<style>\n#text-954915336 {\n  font-size: 1.85rem;\n  text-align: center;\n}\n<\/style>\n\t<\/div>\n\t\n<p>\t<div id=\"home-stock-Spirlet\" class=\"api-plugin\" data-function-code=1dc5ff8c-0036-453b-9b8b-dfdf4b120db6> <\/div><\/p>\n\n<div class=\"row\"  id=\"row-1013041450\">\n\n\n\t<div id=\"col-762120302\" class=\"col small-12 large-12\"  >\n\t\t\t\t<div class=\"col-inner text-center\"  >\n\t\t\t\n\t\t\t\n\n<a href=\"https:\/\/www.driveblue.be\/fr\/spirlet-stock\/\" target=\"_self\" class=\"button primary\"  >\n    <span>D\u00c9COUVREZ TOUTE NOTRE GAMME<\/span>\n  <\/a>\n\n\n\n\t\t<\/div>\n\t\t\t\t\t<\/div>\n\n\t\n\n<\/div>\n\n\t\t<\/div>\n\t\t\t\t\t<\/div>\n\n\t\n\n<\/div>\n\n\t\t<\/div>\n\n\t\t\n<style>\n#section_1578141758 {\n  padding-top: 30px;\n  padding-bottom: 30px;\n}\n#section_1578141758 .ux-shape-divider--top svg {\n  height: 150px;\n  --divider-top-width: 100%;\n}\n#section_1578141758 .ux-shape-divider--bottom svg {\n  height: 150px;\n  --divider-width: 100%;\n}\n<\/style>\n\t<\/section>\n\t\n\t<div id=\"gap-1587977112\" class=\"gap-element clearfix\" style=\"display:block; height:auto;\">\n\t\t\n<style>\n#gap-1587977112 {\n  padding-top: 30px;\n}\n<\/style>\n\t<\/div>\n\t\n\n<div class=\"legalTextContainer\" id=\"legalTextContainer\">\n<div class=\"container\">\n<p class=\"legalText\">Attention, emprunter de l'argent co\u00fbte aussi de l'argent.<\/p>\n<div class=\"hideLegalText\" onclick=\"document.getElementById('legalTextContainer').style.display='none'\">OK<\/div>\n<\/p>\n<\/div>\n<\/div>\n","protected":false},"excerpt":{"rendered":"","protected":false},"author":18,"featured_media":0,"parent":0,"menu_order":0,"comment_status":"closed","ping_status":"closed","template":"","meta":{"footnotes":""},"class_list":["post-7025","page","type-page","status-publish","hentry"],"acf":[],"yoast_head":"<!-- This site is optimized with the Yoast SEO plugin v20.12 - https:\/\/yoast.com\/wordpress\/plugins\/seo\/ -->\n<title>Spirlet - DriveBlue<\/title>\n<meta name=\"description\" content=\"\u00c0 Vilvoorde et Schaerbeek, les salles d&#039;exposition d&#039;AB Automotive proposent un grand nombre de voitures Ford neuves et d&#039;occasion.\" \/>\n<meta name=\"robots\" content=\"index, follow, max-snippet:-1, max-image-preview:large, max-video-preview:-1\" \/>\n<link rel=\"canonical\" href=\"https:\/\/www.driveblue.be\/fr\/spirlet\/\" \/>\n<meta property=\"og:locale\" content=\"fr_FR\" \/>\n<meta property=\"og:type\" content=\"article\" \/>\n<meta property=\"og:title\" content=\"Spirlet - DriveBlue\" \/>\n<meta property=\"og:description\" content=\"\u00c0 Vilvoorde et Schaerbeek, les salles d&#039;exposition d&#039;AB Automotive proposent un grand nombre de voitures Ford neuves et d&#039;occasion.\" \/>\n<meta property=\"og:url\" content=\"https:\/\/www.driveblue.be\/fr\/spirlet\/\" \/>\n<meta property=\"og:site_name\" content=\"DriveBlue\" \/>\n<meta property=\"article:modified_time\" content=\"2023-01-10T14:30:31+00:00\" \/>\n<meta name=\"twitter:card\" content=\"summary_large_image\" \/>\n<meta name=\"twitter:label1\" content=\"Dur\u00e9e de lecture est.\" \/>\n\t<meta name=\"twitter:data1\" content=\"1 minute\" \/>\n<script type=\"application\/ld+json\" class=\"yoast-schema-graph\">{\"@context\":\"https:\/\/schema.org\",\"@graph\":[{\"@type\":\"WebPage\",\"@id\":\"https:\/\/www.driveblue.be\/fr\/spirlet\/\",\"url\":\"https:\/\/www.driveblue.be\/fr\/spirlet\/\",\"name\":\"Spirlet - DriveBlue\",\"isPartOf\":{\"@id\":\"https:\/\/www.driveblue.be\/fr\/#website\"},\"datePublished\":\"2023-01-10T14:24:24+00:00\",\"dateModified\":\"2023-01-10T14:30:31+00:00\",\"description\":\"\u00c0 Vilvoorde et Schaerbeek, les salles d'exposition d'AB Automotive proposent un grand nombre de voitures Ford neuves et d'occasion.\",\"breadcrumb\":{\"@id\":\"https:\/\/www.driveblue.be\/fr\/spirlet\/#breadcrumb\"},\"inLanguage\":\"fr-BE\",\"potentialAction\":[{\"@type\":\"ReadAction\",\"target\":[\"https:\/\/www.driveblue.be\/fr\/spirlet\/\"]}]},{\"@type\":\"BreadcrumbList\",\"@id\":\"https:\/\/www.driveblue.be\/fr\/spirlet\/#breadcrumb\",\"itemListElement\":[{\"@type\":\"ListItem\",\"position\":1,\"name\":\"Home\",\"item\":\"https:\/\/www.driveblue.be\/fr\/\"},{\"@type\":\"ListItem\",\"position\":2,\"name\":\"Spirlet\"}]},{\"@type\":\"WebSite\",\"@id\":\"https:\/\/www.driveblue.be\/fr\/#website\",\"url\":\"https:\/\/www.driveblue.be\/fr\/\",\"name\":\"DriveBlue\",\"description\":\"\",\"potentialAction\":[{\"@type\":\"SearchAction\",\"target\":{\"@type\":\"EntryPoint\",\"urlTemplate\":\"https:\/\/www.driveblue.be\/fr\/?s={search_term_string}\"},\"query-input\":\"required name=search_term_string\"}],\"inLanguage\":\"fr-BE\"}]}<\/script>\n<!-- \/ Yoast SEO plugin. -->","yoast_head_json":{"title":"Spirlet - DriveBlue","description":"\u00c0 Vilvoorde et Schaerbeek, les salles d'exposition d'AB Automotive proposent un grand nombre de voitures Ford neuves et d'occasion.","robots":{"index":"index","follow":"follow","max-snippet":"max-snippet:-1","max-image-preview":"max-image-preview:large","max-video-preview":"max-video-preview:-1"},"canonical":"https:\/\/www.driveblue.be\/fr\/spirlet\/","og_locale":"fr_FR","og_type":"article","og_title":"Spirlet - DriveBlue","og_description":"\u00c0 Vilvoorde et Schaerbeek, les salles d'exposition d'AB Automotive proposent un grand nombre de voitures Ford neuves et d'occasion.","og_url":"https:\/\/www.driveblue.be\/fr\/spirlet\/","og_site_name":"DriveBlue","article_modified_time":"2023-01-10T14:30:31+00:00","twitter_card":"summary_large_image","twitter_misc":{"Dur\u00e9e de lecture est.":"1 minute"},"schema":{"@context":"https:\/\/schema.org","@graph":[{"@type":"WebPage","@id":"https:\/\/www.driveblue.be\/fr\/spirlet\/","url":"https:\/\/www.driveblue.be\/fr\/spirlet\/","name":"Spirlet - DriveBlue","isPartOf":{"@id":"https:\/\/www.driveblue.be\/fr\/#website"},"datePublished":"2023-01-10T14:24:24+00:00","dateModified":"2023-01-10T14:30:31+00:00","description":"\u00c0 Vilvoorde et Schaerbeek, les salles d'exposition d'AB Automotive proposent un grand nombre de voitures Ford neuves et d'occasion.","breadcrumb":{"@id":"https:\/\/www.driveblue.be\/fr\/spirlet\/#breadcrumb"},"inLanguage":"fr-BE","potentialAction":[{"@type":"ReadAction","target":["https:\/\/www.driveblue.be\/fr\/spirlet\/"]}]},{"@type":"BreadcrumbList","@id":"https:\/\/www.driveblue.be\/fr\/spirlet\/#breadcrumb","itemListElement":[{"@type":"ListItem","position":1,"name":"Home","item":"https:\/\/www.driveblue.be\/fr\/"},{"@type":"ListItem","position":2,"name":"Spirlet"}]},{"@type":"WebSite","@id":"https:\/\/www.driveblue.be\/fr\/#website","url":"https:\/\/www.driveblue.be\/fr\/","name":"DriveBlue","description":"","potentialAction":[{"@type":"SearchAction","target":{"@type":"EntryPoint","urlTemplate":"https:\/\/www.driveblue.be\/fr\/?s={search_term_string}"},"query-input":"required name=search_term_string"}],"inLanguage":"fr-BE"}]}},"_links":{"self":[{"href":"https:\/\/www.driveblue.be\/fr\/wp-json\/wp\/v2\/pages\/7025","targetHints":{"allow":["GET"]}}],"collection":[{"href":"https:\/\/www.driveblue.be\/fr\/wp-json\/wp\/v2\/pages"}],"about":[{"href":"https:\/\/www.driveblue.be\/fr\/wp-json\/wp\/v2\/types\/page"}],"author":[{"embeddable":true,"href":"https:\/\/www.driveblue.be\/fr\/wp-json\/wp\/v2\/users\/18"}],"replies":[{"embeddable":true,"href":"https:\/\/www.driveblue.be\/fr\/wp-json\/wp\/v2\/comments?post=7025"}],"version-history":[{"count":4,"href":"https:\/\/www.driveblue.be\/fr\/wp-json\/wp\/v2\/pages\/7025\/revisions"}],"predecessor-version":[{"id":7031,"href":"https:\/\/www.driveblue.be\/fr\/wp-json\/wp\/v2\/pages\/7025\/revisions\/7031"}],"wp:attachment":[{"href":"https:\/\/www.driveblue.be\/fr\/wp-json\/wp\/v2\/media?parent=7025"}],"curies":[{"name":"wp","href":"https:\/\/api.w.org\/{rel}","templated":true}]}}