{"id":7029,"date":"2023-01-10T15:24:53","date_gmt":"2023-01-10T14:24:53","guid":{"rendered":"https:\/\/www.driveblue.be\/spirlet-stock\/"},"modified":"2023-01-10T15:27:54","modified_gmt":"2023-01-10T14:27:54","slug":"spirlet-stock","status":"publish","type":"page","link":"https:\/\/www.driveblue.be\/fr\/spirlet-stock\/","title":{"rendered":"Spirlet- Stock"},"content":{"rendered":"\n<div class=\"row row-small\"  id=\"row-1678725258\">\n\n\n\t<div id=\"col-298131899\" class=\"col filter-sidebar medium-3 small-12 large-3\"  >\n\t\t\t\t<div class=\"col-inner\"  >\n\t\t\t\n\t\t\t\n\n<p>\t<div id=\"search-general\" class=\"api-plugin\" data-function-code=fd381089-7b18-4c64-bfc2-2859f1c8c61a> <\/div><\/p>\n\n\n\t\t<\/div>\n\t\t\t\t\t<\/div>\n\n\t\n\n\t<div id=\"col-1117945157\" class=\"col medium-9 small-12 large-9\"  >\n\t\t\t\t<div class=\"col-inner\"  >\n\t\t\t\n\t\t\t\n\n<p>\t<div id=\"stock-general\" class=\"api-plugin\" data-function-code=3993231e-047f-4d12-aa32-2f4fad18d686> <\/div><\/p>\n\n\n\t\t<\/div>\n\t\t\t\t\t<\/div>\n\n\t\n\n<\/div>\n\t<section class=\"section dark\" id=\"section_722133489\">\n\t\t<div class=\"bg section-bg fill bg-fill  bg-loaded\" >\n\n\t\t\t\n\t\t\t\n\t\t\t\n\n\t\t<\/div>\n\n\t\t\n\n\t\t<div class=\"section-content relative\">\n\t\t\t\n\n<div class=\"row align-middle\"  id=\"row-392923065\">\n\n\n\t<div id=\"col-1439188732\" class=\"col medium-2 small-12 large-2\"  >\n\t\t\t\t<div class=\"col-inner\"  >\n\t\t\t\n\t\t\t\n\n\t<div class=\"img has-hover x md-x lg-x y md-y lg-y\" id=\"image_763754604\">\n\t\t\t\t\t\t\t\t<div class=\"img-inner dark\" >\n\t\t\t<img loading=\"lazy\" decoding=\"async\" width=\"289\" height=\"237\" src=\"https:\/\/www.driveblue.be\/wp-content\/uploads\/2022\/06\/agent-image.png\" class=\"attachment-large size-large\" alt=\"\" \/>\t\t\t\t\t\t\n\t\t\t\t\t<\/div>\n\t\t\t\t\t\t\t\t\n<style>\n#image_763754604 {\n  width: 100%;\n}\n<\/style>\n\t<\/div>\n\t\n\n\n\t\t<\/div>\n\t\t\t\t\t<\/div>\n\n\t\n\n\t<div id=\"col-1370381097\" class=\"col medium-10 small-12 large-10\"  >\n\t\t\t\t<div class=\"col-inner\"  >\n\t\t\t\n\t\t\t\n\n<h2 class=\"secondary-color\">Vous n'avez pas trouv\u00e9 ce que vous cherchiez? Nous cherchons pour vous!<\/h2>\n<p class=\"secondary-color\">Faites-nous part de vos souhaits \u00e0 notre Car Agent. Nous recherchons ensuite sur notre r\u00e9seau le v\u00e9hicule qui vous correspond le mieux.<\/p>\n<a href=\"https:\/\/www.driveblue.be\/fr\/car-agent\/\" target=\"_self\" class=\"button success mr-0\"  >\n    <span>UTILISEZ LE CAR AGENT<\/span>\n  <\/a>\n\n\n\n\t\t<\/div>\n\t\t\t\t\t<\/div>\n\n\t\n\n\n<style>\n#row-392923065 > .col > .col-inner {\n  padding: 15px 0px 0px 0px;\n}\n<\/style>\n<\/div>\n\n\t\t<\/div>\n\n\t\t\n<style>\n#section_722133489 {\n  padding-top: 30px;\n  padding-bottom: 30px;\n  background-color: rgb(243, 245, 248);\n}\n#section_722133489 .ux-shape-divider--top svg {\n  height: 150px;\n  --divider-top-width: 100%;\n}\n#section_722133489 .ux-shape-divider--bottom svg {\n  height: 150px;\n  --divider-width: 100%;\n}\n<\/style>\n\t<\/section>\n\t\n\t<div id=\"gap-1575409066\" class=\"gap-element clearfix\" style=\"display:block; height:auto;\">\n\t\t\n<style>\n#gap-1575409066 {\n  padding-top: 30px;\n}\n<\/style>\n\t<\/div>\n\t\n\n<div class=\"legalTextContainer\" id=\"legalTextContainer\">\n<div class=\"container\">\n<p class=\"legalText\">Attention, emprunter de l'argent co\u00fbte aussi de l'argent.<\/p>\n<div class=\"hideLegalText\" onclick=\"document.getElementById('legalTextContainer').style.display='none'\">OK<\/div>\n<\/p>\n<\/div>\n<\/div>\n","protected":false},"excerpt":{"rendered":"","protected":false},"author":18,"featured_media":0,"parent":0,"menu_order":0,"comment_status":"closed","ping_status":"closed","template":"","meta":{"footnotes":""},"class_list":["post-7029","page","type-page","status-publish","hentry"],"acf":[],"yoast_head":"<!-- This site is optimized with the Yoast SEO plugin v20.12 - https:\/\/yoast.com\/wordpress\/plugins\/seo\/ -->\n<title>Spirlet- Stock - DriveBlue<\/title>\n<meta name=\"description\" content=\"In Vilvoorde &amp; Schaerbeek beschikken de AB Automotive showrooms over een groot aantal nieuwe en occasie Ford wagens in stock.\" \/>\n<meta name=\"robots\" content=\"index, follow, max-snippet:-1, max-image-preview:large, max-video-preview:-1\" \/>\n<link rel=\"canonical\" href=\"https:\/\/www.driveblue.be\/fr\/spirlet-stock\/\" \/>\n<meta property=\"og:locale\" content=\"fr_FR\" \/>\n<meta property=\"og:type\" content=\"article\" \/>\n<meta property=\"og:title\" content=\"Spirlet- Stock - DriveBlue\" \/>\n<meta property=\"og:description\" content=\"In Vilvoorde &amp; Schaerbeek beschikken de AB Automotive showrooms over een groot aantal nieuwe en occasie Ford wagens in stock.\" \/>\n<meta property=\"og:url\" content=\"https:\/\/www.driveblue.be\/fr\/spirlet-stock\/\" \/>\n<meta property=\"og:site_name\" content=\"DriveBlue\" \/>\n<meta property=\"article:modified_time\" content=\"2023-01-10T14:27:54+00:00\" \/>\n<meta name=\"twitter:card\" content=\"summary_large_image\" \/>\n<script type=\"application\/ld+json\" class=\"yoast-schema-graph\">{\"@context\":\"https:\/\/schema.org\",\"@graph\":[{\"@type\":\"WebPage\",\"@id\":\"https:\/\/www.driveblue.be\/fr\/spirlet-stock\/\",\"url\":\"https:\/\/www.driveblue.be\/fr\/spirlet-stock\/\",\"name\":\"Spirlet- Stock - DriveBlue\",\"isPartOf\":{\"@id\":\"https:\/\/www.driveblue.be\/fr\/#website\"},\"datePublished\":\"2023-01-10T14:24:53+00:00\",\"dateModified\":\"2023-01-10T14:27:54+00:00\",\"description\":\"In Vilvoorde & Schaerbeek beschikken de AB Automotive showrooms over een groot aantal nieuwe en occasie Ford wagens in stock.\",\"breadcrumb\":{\"@id\":\"https:\/\/www.driveblue.be\/fr\/spirlet-stock\/#breadcrumb\"},\"inLanguage\":\"fr-BE\",\"potentialAction\":[{\"@type\":\"ReadAction\",\"target\":[\"https:\/\/www.driveblue.be\/fr\/spirlet-stock\/\"]}]},{\"@type\":\"BreadcrumbList\",\"@id\":\"https:\/\/www.driveblue.be\/fr\/spirlet-stock\/#breadcrumb\",\"itemListElement\":[{\"@type\":\"ListItem\",\"position\":1,\"name\":\"Home\",\"item\":\"https:\/\/www.driveblue.be\/fr\/\"},{\"@type\":\"ListItem\",\"position\":2,\"name\":\"Spirlet- Stock\"}]},{\"@type\":\"WebSite\",\"@id\":\"https:\/\/www.driveblue.be\/fr\/#website\",\"url\":\"https:\/\/www.driveblue.be\/fr\/\",\"name\":\"DriveBlue\",\"description\":\"\",\"potentialAction\":[{\"@type\":\"SearchAction\",\"target\":{\"@type\":\"EntryPoint\",\"urlTemplate\":\"https:\/\/www.driveblue.be\/fr\/?s={search_term_string}\"},\"query-input\":\"required name=search_term_string\"}],\"inLanguage\":\"fr-BE\"}]}<\/script>\n<!-- \/ Yoast SEO plugin. -->","yoast_head_json":{"title":"Spirlet- Stock - DriveBlue","description":"In Vilvoorde & Schaerbeek beschikken de AB Automotive showrooms over een groot aantal nieuwe en occasie Ford wagens in stock.","robots":{"index":"index","follow":"follow","max-snippet":"max-snippet:-1","max-image-preview":"max-image-preview:large","max-video-preview":"max-video-preview:-1"},"canonical":"https:\/\/www.driveblue.be\/fr\/spirlet-stock\/","og_locale":"fr_FR","og_type":"article","og_title":"Spirlet- Stock - DriveBlue","og_description":"In Vilvoorde & Schaerbeek beschikken de AB Automotive showrooms over een groot aantal nieuwe en occasie Ford wagens in stock.","og_url":"https:\/\/www.driveblue.be\/fr\/spirlet-stock\/","og_site_name":"DriveBlue","article_modified_time":"2023-01-10T14:27:54+00:00","twitter_card":"summary_large_image","schema":{"@context":"https:\/\/schema.org","@graph":[{"@type":"WebPage","@id":"https:\/\/www.driveblue.be\/fr\/spirlet-stock\/","url":"https:\/\/www.driveblue.be\/fr\/spirlet-stock\/","name":"Spirlet- Stock - DriveBlue","isPartOf":{"@id":"https:\/\/www.driveblue.be\/fr\/#website"},"datePublished":"2023-01-10T14:24:53+00:00","dateModified":"2023-01-10T14:27:54+00:00","description":"In Vilvoorde & Schaerbeek beschikken de AB Automotive showrooms over een groot aantal nieuwe en occasie Ford wagens in stock.","breadcrumb":{"@id":"https:\/\/www.driveblue.be\/fr\/spirlet-stock\/#breadcrumb"},"inLanguage":"fr-BE","potentialAction":[{"@type":"ReadAction","target":["https:\/\/www.driveblue.be\/fr\/spirlet-stock\/"]}]},{"@type":"BreadcrumbList","@id":"https:\/\/www.driveblue.be\/fr\/spirlet-stock\/#breadcrumb","itemListElement":[{"@type":"ListItem","position":1,"name":"Home","item":"https:\/\/www.driveblue.be\/fr\/"},{"@type":"ListItem","position":2,"name":"Spirlet- Stock"}]},{"@type":"WebSite","@id":"https:\/\/www.driveblue.be\/fr\/#website","url":"https:\/\/www.driveblue.be\/fr\/","name":"DriveBlue","description":"","potentialAction":[{"@type":"SearchAction","target":{"@type":"EntryPoint","urlTemplate":"https:\/\/www.driveblue.be\/fr\/?s={search_term_string}"},"query-input":"required name=search_term_string"}],"inLanguage":"fr-BE"}]}},"_links":{"self":[{"href":"https:\/\/www.driveblue.be\/fr\/wp-json\/wp\/v2\/pages\/7029","targetHints":{"allow":["GET"]}}],"collection":[{"href":"https:\/\/www.driveblue.be\/fr\/wp-json\/wp\/v2\/pages"}],"about":[{"href":"https:\/\/www.driveblue.be\/fr\/wp-json\/wp\/v2\/types\/page"}],"author":[{"embeddable":true,"href":"https:\/\/www.driveblue.be\/fr\/wp-json\/wp\/v2\/users\/18"}],"replies":[{"embeddable":true,"href":"https:\/\/www.driveblue.be\/fr\/wp-json\/wp\/v2\/comments?post=7029"}],"version-history":[{"count":1,"href":"https:\/\/www.driveblue.be\/fr\/wp-json\/wp\/v2\/pages\/7029\/revisions"}],"predecessor-version":[{"id":7030,"href":"https:\/\/www.driveblue.be\/fr\/wp-json\/wp\/v2\/pages\/7029\/revisions\/7030"}],"wp:attachment":[{"href":"https:\/\/www.driveblue.be\/fr\/wp-json\/wp\/v2\/media?parent=7029"}],"curies":[{"name":"wp","href":"https:\/\/api.w.org\/{rel}","templated":true}]}}