{"id":7388,"date":"2023-02-13T10:41:53","date_gmt":"2023-02-13T09:41:53","guid":{"rendered":"https:\/\/www.driveblue.be\/unicars\/"},"modified":"2023-02-15T11:54:19","modified_gmt":"2023-02-15T10:54:19","slug":"unicars","status":"publish","type":"page","link":"https:\/\/www.driveblue.be\/fr\/unicars\/","title":{"rendered":"Unicars"},"content":{"rendered":"\n\t<section class=\"section hide-for-medium\" id=\"section_712566629\">\n\t\t<div class=\"bg section-bg fill bg-fill  bg-loaded\" >\n\n\t\t\t\n\t\t\t\n\t\t\t\n\n\t\t<\/div>\n\n\t\t\n\n\t\t<div class=\"section-content relative\">\n\t\t\t\n\n\t<div id=\"gap-2026892755\" class=\"gap-element clearfix\" style=\"display:block; height:auto;\">\n\t\t\n<style>\n#gap-2026892755 {\n  padding-top: 30px;\n}\n<\/style>\n\t<\/div>\n\t\n\n<div class=\"row row-collapse row-full-width align-middle align-center\"  id=\"row-959779320\">\n\n\n\t<div id=\"col-52573353\" class=\"col medium-3 small-6 large-3\"  >\n\t\t\t\t<div class=\"col-inner text-center\"  >\n\t\t\t\n\t\t\t\n\n\t<div id=\"text-2712445158\" class=\"text\">\n\t\t\n\n<p class=\"secondary-color\"><i class=\"fas fa-car-alt primary-color\"><\/i> <b>Des voitures neuves tous les jours<\/b><\/p>\n\t\t\n<style>\n#text-2712445158 {\n  font-size: 0.75rem;\n}\n@media (min-width:550px) {\n  #text-2712445158 {\n    font-size: 1rem;\n  }\n}\n<\/style>\n\t<\/div>\n\t\n\n\t\t<\/div>\n\t\t\t\t\t<\/div>\n\n\t\n\n\t<div id=\"col-555537226\" class=\"col medium-3 small-6 large-3\"  >\n\t\t\t\t<div class=\"col-inner text-center\"  >\n\t\t\t\n\t\t\t\n\n\t<div id=\"text-480898926\" class=\"text\">\n\t\t\n\n<p class=\"secondary-color\"><i class=\"far fa-handshake primary-color\"><\/i> <b>Une acquisition exceptionnelle<\/b><\/p>\n\t\t\n<style>\n#text-480898926 {\n  font-size: 0.75rem;\n}\n@media (min-width:550px) {\n  #text-480898926 {\n    font-size: 1rem;\n  }\n}\n<\/style>\n\t<\/div>\n\t\n\n\t\t<\/div>\n\t\t\t\t\t<\/div>\n\n\t\n\n\t<div id=\"col-619340472\" class=\"col medium-3 small-6 large-3\"  >\n\t\t\t\t<div class=\"col-inner text-center\"  >\n\t\t\t\n\t\t\t\n\n\t<div id=\"text-3426916974\" class=\"text\">\n\t\t\n\n<p class=\"secondary-color\"><i class=\"far fa-calendar-check primary-color\"><\/i> <b>Rouler dans quelques semaines<\/b><\/p>\n\t\t\n<style>\n#text-3426916974 {\n  font-size: 0.75rem;\n}\n@media (min-width:550px) {\n  #text-3426916974 {\n    font-size: 1rem;\n  }\n}\n<\/style>\n\t<\/div>\n\t\n\n\t\t<\/div>\n\t\t\t\t\t<\/div>\n\n\t\n\n\t<div id=\"col-202976229\" class=\"col medium-3 small-6 large-3\"  >\n\t\t\t\t<div class=\"col-inner text-center\"  >\n\t\t\t\n\t\t\t\n\n\t<div id=\"text-2475032408\" class=\"text\">\n\t\t\n\n<p class=\"secondary-color\"><a href=\"https:\/\/www.driveblue.be\/fr\/contact\/\"> <i class=\"fas fa-map-marker-alt primary-color\"><\/i> <b>Toute la Belgique<\/b><\/a><\/p>\n\t\t\n<style>\n#text-2475032408 {\n  font-size: 0.75rem;\n}\n@media (min-width:550px) {\n  #text-2475032408 {\n    font-size: 1rem;\n  }\n}\n<\/style>\n\t<\/div>\n\t\n\n\t\t<\/div>\n\t\t\t\t\t<\/div>\n\n\t\n\n<\/div>\n\n\t\t<\/div>\n\n\t\t\n<style>\n#section_712566629 {\n  padding-top: 10px;\n  padding-bottom: 10px;\n}\n#section_712566629 .ux-shape-divider--top svg {\n  height: 150px;\n  --divider-top-width: 100%;\n}\n#section_712566629 .ux-shape-divider--bottom svg {\n  height: 150px;\n  --divider-width: 100%;\n}\n@media (min-width:550px) {\n  #section_712566629 {\n    padding-top: 0px;\n    padding-bottom: 0px;\n  }\n}\n<\/style>\n\t<\/section>\n\t\n\t<section class=\"section show-for-small\" id=\"section_726055975\">\n\t\t<div class=\"bg section-bg fill bg-fill  bg-loaded\" >\n\n\t\t\t\n\t\t\t\n\t\t\t\n\n\t\t<\/div>\n\n\t\t\n\n\t\t<div class=\"section-content relative\">\n\t\t\t\n\n<div class=\"row row-collapse align-middle align-center\"  id=\"row-2121835572\">\n\n\n\t<div id=\"col-259073832\" class=\"col medium-3 small-6 large-3\"  >\n\t\t\t\t<div class=\"col-inner text-center\"  >\n\t\t\t\n\t\t\t\n\n\t<div id=\"text-161248019\" class=\"text\">\n\t\t\n\n<p class=\"secondary-color\"><i class=\"fas fa-car-alt primary-color\"><\/i> <b>Des voitures neuves tous les jours<\/b><\/p>\n\t\t\n<style>\n#text-161248019 {\n  font-size: 0.75rem;\n}\n<\/style>\n\t<\/div>\n\t\n\n\t\t<\/div>\n\t\t\t\t\t<\/div>\n\n\t\n\n\t<div id=\"col-134087840\" class=\"col medium-3 small-6 large-3\"  >\n\t\t\t\t<div class=\"col-inner text-center\"  >\n\t\t\t\n\t\t\t\n\n\t<div id=\"text-962384515\" class=\"text\">\n\t\t\n\n<p class=\"secondary-color\"><i class=\"far fa-handshake primary-color\"><\/i> <b>Une acquisition exceptionnelle<\/b><\/p>\n\t\t\n<style>\n#text-962384515 {\n  font-size: 0.75rem;\n}\n<\/style>\n\t<\/div>\n\t\n\n\t\t<\/div>\n\t\t\t\t\t<\/div>\n\n\t\n\n\t<div id=\"col-1946305870\" class=\"col medium-3 small-6 large-3\"  >\n\t\t\t\t<div class=\"col-inner text-center\"  >\n\t\t\t\n\t\t\t\n\n\t<div id=\"text-1641644606\" class=\"text\">\n\t\t\n\n<p class=\"secondary-color\"><i class=\"far fa-calendar-check primary-color\"><\/i> <b>Rouler dans quelques semaines<\/b><\/p>\n\t\t\n<style>\n#text-1641644606 {\n  font-size: 0.75rem;\n}\n<\/style>\n\t<\/div>\n\t\n\n\t\t<\/div>\n\t\t\t\t\t<\/div>\n\n\t\n\n\t<div id=\"col-1379852425\" class=\"col medium-3 small-6 large-3\"  >\n\t\t\t\t<div class=\"col-inner text-center\"  >\n\t\t\t\n\t\t\t\n\n\t<div id=\"text-1934786852\" class=\"text\">\n\t\t\n\n<p class=\"secondary-color\"><a href=\"https:\/\/www.driveblue.be\/fr\/contact\/\"> <i class=\"fas fa-map-marker-alt primary-color\"><\/i> <b>Toute la Belgique<\/b><\/a><\/p>\n\t\t\n<style>\n#text-1934786852 {\n  font-size: 0.75rem;\n}\n<\/style>\n\t<\/div>\n\t\n\n\t\t<\/div>\n\t\t\t\t\t<\/div>\n\n\t\n\n<\/div>\n\n\t\t<\/div>\n\n\t\t\n<style>\n#section_726055975 {\n  padding-top: 10px;\n  padding-bottom: 10px;\n}\n#section_726055975 .ux-shape-divider--top svg {\n  height: 150px;\n  --divider-top-width: 100%;\n}\n#section_726055975 .ux-shape-divider--bottom svg {\n  height: 150px;\n  --divider-width: 100%;\n}\n@media (min-width:550px) {\n  #section_726055975 {\n    padding-top: 0px;\n    padding-bottom: 0px;\n  }\n}\n<\/style>\n\t<\/section>\n\t\n\n\n  <div class=\"banner has-hover has-parallax\" id=\"banner-317034095\">\n          <div class=\"banner-inner fill\">\n        <div class=\"banner-bg fill\" data-parallax=\"-2\" data-parallax-container=\".banner\" data-parallax-background>\n            <div class=\"bg fill bg-fill \"><\/div>\n                                    \n                    <\/div>\n\t\t\n        <div class=\"banner-layers container\">\n            <div class=\"fill banner-link\"><\/div>            \n\n   <div id=\"text-box-1532091825\" class=\"text-box banner-layer x50 md-x50 lg-x50 y50 md-y50 lg-y50 res-text\">\n                                <div class=\"text-box-content text \">\n              \n              <div class=\"text-inner text-left\">\n                  \n\n\t<div id=\"text-2750275769\" class=\"text\">\n\t\t\n\n<h3><b><span data-sheets-value=\"{\"1\":2,\"2\":\"Spirlet Automobiles\"}\" data-sheets-userformat=\"{\"2\":29579,\"3\":{\"1\":0},\"4\":{\"1\":2,\"2\":16184050},\"6\":{\"1\":&#091;{\"1\":2,\"2\":0,\"5\":{\"1\":2,\"2\":0}},{\"1\":0,\"2\":0,\"3\":3},{\"1\":1,\"2\":0,\"4\":1}&#093;},\"10\":0,\"11\":4,\"12\":0,\"15\":\"Open Sans\",\"16\":11,\"17\":0}\">Unicars<\/span><\/b><\/h3>\n<p><span style=\"font-weight: 400;\">Avec des concessions \u00e0 Ostende, Bruges, Courtrai, Ypres et Roulers, Ford Unicars garantit votre mobilit\u00e9. La fusion des agences Durie\/Unicars (Diksmuide, Ostende &amp; Bruges) et Devos &amp; Dewanckel (Ypres, Roeselare &amp; Kortrijk) donne lieu \u00e0 une solide coop\u00e9ration sur le territoire de la Flandre occidentale. Avec un accueil dans une ambiance familiale, vous \u00eates les bienvenus dans chacune de nos concessions !  <\/span><\/p>\n\t\t\n<style>\n#text-2750275769 {\n  font-size: 1rem;\n  color: rgb(23, 43, 76);\n}\n#text-2750275769 > * {\n  color: rgb(23, 43, 76);\n}\n<\/style>\n\t<\/div>\n\t\n<div class=\"row\"  id=\"row-2131241855\">\n\n\n\t<div id=\"col-929471447\" class=\"col medium-4 small-12 large-4\"  >\n\t\t\t\t<div class=\"col-inner\"  >\n\t\t\t\n\t\t\t\n\n<h4 class=\"thin-font\"><strong>Unicars Diksmuide<\/strong><\/h4>\n<a href=\"mailto:verkoop.diksmuide@unicars.be\" target=\"_self\" class=\"button primary is-large\"  >\n  <i class=\"icon-envelop\" aria-hidden=\"true\" ><\/i>  <span>CONTACTEZ-NOUS<\/span>\n  <\/a>\n\n\n<a href=\"tel:+32(0)51502501\" target=\"_self\" class=\"button primary is-large\"  >\n  <i class=\"icon-phone\" aria-hidden=\"true\" ><\/i>  <span>051 502 501<\/span>\n  <\/a>\n\n\n\n\t\t<\/div>\n\t\t\t\t\t<\/div>\n\n\t\n\n\t<div id=\"col-780041281\" class=\"col medium-4 small-12 large-4\"  >\n\t\t\t\t<div class=\"col-inner\"  >\n\t\t\t\n\t\t\t\n\n<h4 class=\"thin-font\"><strong>Unicars Brugge<\/strong><\/h4>\n<a href=\"mailto:verkoop.brugge@unicars.be\" target=\"_self\" class=\"button primary is-large\"  >\n  <i class=\"icon-envelop\" aria-hidden=\"true\" ><\/i>  <span>CONTACTEZ-NOUS<\/span>\n  <\/a>\n\n\n<a href=\"tel:+32(0)50317370\" target=\"_self\" class=\"button primary is-large\"  >\n  <i class=\"icon-phone\" aria-hidden=\"true\" ><\/i>  <span>050 317 370<\/span>\n  <\/a>\n\n\n\n\t\t<\/div>\n\t\t\t\t\t<\/div>\n\n\t\n\n\t<div id=\"col-761182754\" class=\"col medium-4 small-12 large-4\"  >\n\t\t\t\t<div class=\"col-inner\"  >\n\t\t\t\n\t\t\t\n\n<h4 class=\"thin-font\"><strong><span data-sheets-value=\"{\"1\":2,\"2\":\"Spirlet Automobiles\"}\" data-sheets-userformat=\"{\"2\":29579,\"3\":{\"1\":0},\"4\":{\"1\":2,\"2\":16184050},\"6\":{\"1\":&#091;{\"1\":2,\"2\":0,\"5\":{\"1\":2,\"2\":0}},{\"1\":0,\"2\":0,\"3\":3},{\"1\":1,\"2\":0,\"4\":1}&#093;},\"10\":0,\"11\":4,\"12\":0,\"15\":\"Open Sans\",\"16\":11,\"17\":0}\">Unicars Kortrijk<\/span><\/strong><\/h4>\n<a href=\"mailto:verkoop.kortrijk@unicars.be\" target=\"_self\" class=\"button primary is-large\"  >\n  <i class=\"icon-envelop\" aria-hidden=\"true\" ><\/i>  <span>CONTACTEZ-NOUS<\/span>\n  <\/a>\n\n\n<a href=\"tel:+32(0)056322990\" target=\"_self\" class=\"button primary is-large\"  >\n  <i class=\"icon-phone\" aria-hidden=\"true\" ><\/i>  <span>056 322 990<\/span>\n  <\/a>\n\n\n\n\t\t<\/div>\n\t\t\t\t\t<\/div>\n\n\t\n\n<\/div>\n<div class=\"row\"  id=\"row-2131050607\">\n\n\n\t<div id=\"col-213801186\" class=\"col medium-4 small-12 large-4\"  >\n\t\t\t\t<div class=\"col-inner\"  >\n\t\t\t\n\t\t\t\n\n<h4 class=\"thin-font\"><strong><span data-sheets-value=\"{\"1\":2,\"2\":\"Spirlet Automobiles\"}\" data-sheets-userformat=\"{\"2\":29579,\"3\":{\"1\":0},\"4\":{\"1\":2,\"2\":16184050},\"6\":{\"1\":&#091;{\"1\":2,\"2\":0,\"5\":{\"1\":2,\"2\":0}},{\"1\":0,\"2\":0,\"3\":3},{\"1\":1,\"2\":0,\"4\":1}&#093;},\"10\":0,\"11\":4,\"12\":0,\"15\":\"Open Sans\",\"16\":11,\"17\":0}\">Unicars Ieper<\/span><\/strong><\/h4>\n<a href=\"mailto:verkoop.ieper@unicars.be\" target=\"_self\" class=\"button primary is-large\"  >\n  <i class=\"icon-envelop\" aria-hidden=\"true\" ><\/i>  <span>CONTACTEZ-NOUS<\/span>\n  <\/a>\n\n\n<a href=\"tel:+32(0)57201335\" target=\"_self\" class=\"button primary is-large\"  >\n  <i class=\"icon-phone\" aria-hidden=\"true\" ><\/i>  <span>057 201 335<\/span>\n  <\/a>\n\n\n\n\t\t<\/div>\n\t\t\t\t\t<\/div>\n\n\t\n\n\t<div id=\"col-1971878879\" class=\"col medium-4 small-12 large-4\"  >\n\t\t\t\t<div class=\"col-inner\"  >\n\t\t\t\n\t\t\t\n\n<h4 class=\"thin-font\"><strong>Unicars Roeselare<\/strong><\/h4>\n<a href=\"mailto:verkoop.roeselare@unicars.be\" target=\"_self\" class=\"button primary is-large\"  >\n  <i class=\"icon-envelop\" aria-hidden=\"true\" ><\/i>  <span>CONTACTEZ-NOUS<\/span>\n  <\/a>\n\n\n<a href=\"tel:+32(0)51249924\" target=\"_self\" class=\"button primary is-large\"  >\n  <i class=\"icon-phone\" aria-hidden=\"true\" ><\/i>  <span>051 249 924<\/span>\n  <\/a>\n\n\n\n\t\t<\/div>\n\t\t\t\t\t<\/div>\n\n\t\n\n\t<div id=\"col-1461901423\" class=\"col medium-4 small-12 large-4\"  >\n\t\t\t\t<div class=\"col-inner\"  >\n\t\t\t\n\t\t\t\n\n<h4 class=\"thin-font\"><strong>Unicars Oostende<\/strong><\/h4>\n<a href=\"mailto:verkoop.oostende@unicars.be\" target=\"_self\" class=\"button primary is-large\"  >\n  <i class=\"icon-envelop\" aria-hidden=\"true\" ><\/i>  <span>CONTACTEZ-NOUS<\/span>\n  <\/a>\n\n\n<a href=\"tel:+32(0)59503502\" target=\"_self\" class=\"button primary is-large\"  >\n  <i class=\"icon-phone\" aria-hidden=\"true\" ><\/i>  <span>059 503 502<\/span>\n  <\/a>\n\n\n\n\t\t<\/div>\n\t\t\t\t\t<\/div>\n\n\t\n\n<\/div>\n\n              <\/div>\n           <\/div>\n                            \n<style>\n#text-box-1532091825 .text-box-content {\n  background-color: rgba(208, 206, 206, 0.773);\n  font-size: 85%;\n}\n#text-box-1532091825 .text-inner {\n  padding: 20px 0px 20px 20px;\n}\n#text-box-1532091825 {\n  width: 100%;\n}\n<\/style>\n    <\/div>\n \n\n        <\/div>\n      <\/div>\n\n            \n<style>\n#banner-317034095 {\n  padding-top: 500px;\n}\n#banner-317034095 .bg.bg-loaded {\n  background-image: url(https:\/\/www.driveblue.be\/wp-content\/uploads\/2023\/02\/Unicars-Diksmuide-637003404755395184.jpg);\n}\n#banner-317034095 .bg {\n  background-position: 0% 100%;\n}\n#banner-317034095 .ux-shape-divider--top svg {\n  height: 150px;\n  --divider-top-width: 100%;\n}\n#banner-317034095 .ux-shape-divider--bottom svg {\n  height: 150px;\n  --divider-width: 100%;\n}\n<\/style>\n  <\/div>\n\n\n\t<section class=\"section\" id=\"section_1486053756\">\n\t\t<div class=\"bg section-bg fill bg-fill  bg-loaded\" >\n\n\t\t\t\n\t\t\t\n\t\t\t\n\n\t\t<\/div>\n\n\t\t\n\n\t\t<div class=\"section-content relative\">\n\t\t\t\n\n<div class=\"row\"  id=\"row-1902868465\">\n\n\n\t<div id=\"col-2095422957\" class=\"col small-12 large-12\"  >\n\t\t\t\t<div class=\"col-inner\"  >\n\t\t\t\n\t\t\t\n\n\t<div id=\"text-574619529\" class=\"text\">\n\t\t\n\n<p class=\"secondary-color\"><strong>Notre Offre<\/strong><\/p>\n\t\t\n<style>\n#text-574619529 {\n  font-size: 1.85rem;\n  text-align: center;\n}\n<\/style>\n\t<\/div>\n\t\n<p>\t<div id=\"home-stock-waasland-automotive\" class=\"api-plugin\" data-function-code=e65d80f8-0a9c-4538-8268-2487e325ad86> <\/div><\/p>\n\n<div class=\"row\"  id=\"row-982685582\">\n\n\n\t<div id=\"col-1892861437\" class=\"col small-12 large-12\"  >\n\t\t\t\t<div class=\"col-inner text-center\"  >\n\t\t\t\n\t\t\t\n\n<a href=\"https:\/\/www.driveblue.be\/fr\/unicars-stock\/\" target=\"_self\" class=\"button primary\"  >\n    <span>D\u00c9COUVREZ TOUTE NOTRE GAMME<\/span>\n  <\/a>\n\n\n\n\t\t<\/div>\n\t\t\t\t\t<\/div>\n\n\t\n\n<\/div>\n\n\t\t<\/div>\n\t\t\t\t\t<\/div>\n\n\t\n\n<\/div>\n\n\t\t<\/div>\n\n\t\t\n<style>\n#section_1486053756 {\n  padding-top: 30px;\n  padding-bottom: 30px;\n}\n#section_1486053756 .ux-shape-divider--top svg {\n  height: 150px;\n  --divider-top-width: 100%;\n}\n#section_1486053756 .ux-shape-divider--bottom svg {\n  height: 150px;\n  --divider-width: 100%;\n}\n<\/style>\n\t<\/section>\n\t\n\t<div id=\"gap-1768494535\" class=\"gap-element clearfix\" style=\"display:block; height:auto;\">\n\t\t\n<style>\n#gap-1768494535 {\n  padding-top: 30px;\n}\n<\/style>\n\t<\/div>\n\t\n\n<div class=\"legalTextContainer\" id=\"legalTextContainer\">\n<div class=\"container\">\n<p class=\"legalText\">Attention, emprunter de l'argent co\u00fbte aussi de l'argent.<\/p>\n<div class=\"hideLegalText\" onclick=\"document.getElementById('legalTextContainer').style.display='none'\">OK<\/div>\n<\/p>\n<\/div>\n<\/div>\n\n\n","protected":false},"excerpt":{"rendered":"","protected":false},"author":18,"featured_media":0,"parent":0,"menu_order":0,"comment_status":"closed","ping_status":"closed","template":"","meta":{"footnotes":""},"class_list":["post-7388","page","type-page","status-publish","hentry"],"acf":[],"yoast_head":"<!-- This site is optimized with the Yoast SEO plugin v20.12 - https:\/\/yoast.com\/wordpress\/plugins\/seo\/ -->\n<title>Unicars - DriveBlue<\/title>\n<meta name=\"robots\" content=\"index, follow, max-snippet:-1, max-image-preview:large, max-video-preview:-1\" \/>\n<link rel=\"canonical\" href=\"https:\/\/www.driveblue.be\/fr\/unicars\/\" \/>\n<meta property=\"og:locale\" content=\"fr_FR\" \/>\n<meta property=\"og:type\" content=\"article\" \/>\n<meta property=\"og:title\" content=\"Unicars - DriveBlue\" \/>\n<meta property=\"og:url\" content=\"https:\/\/www.driveblue.be\/fr\/unicars\/\" \/>\n<meta property=\"og:site_name\" content=\"DriveBlue\" \/>\n<meta property=\"article:modified_time\" content=\"2023-02-15T10:54:19+00:00\" \/>\n<meta name=\"twitter:card\" content=\"summary_large_image\" \/>\n<meta name=\"twitter:label1\" content=\"Dur\u00e9e de lecture est.\" \/>\n\t<meta name=\"twitter:data1\" content=\"2 minutes\" \/>\n<script type=\"application\/ld+json\" class=\"yoast-schema-graph\">{\"@context\":\"https:\/\/schema.org\",\"@graph\":[{\"@type\":\"WebPage\",\"@id\":\"https:\/\/www.driveblue.be\/fr\/unicars\/\",\"url\":\"https:\/\/www.driveblue.be\/fr\/unicars\/\",\"name\":\"Unicars - DriveBlue\",\"isPartOf\":{\"@id\":\"https:\/\/www.driveblue.be\/fr\/#website\"},\"datePublished\":\"2023-02-13T09:41:53+00:00\",\"dateModified\":\"2023-02-15T10:54:19+00:00\",\"breadcrumb\":{\"@id\":\"https:\/\/www.driveblue.be\/fr\/unicars\/#breadcrumb\"},\"inLanguage\":\"fr-BE\",\"potentialAction\":[{\"@type\":\"ReadAction\",\"target\":[\"https:\/\/www.driveblue.be\/fr\/unicars\/\"]}]},{\"@type\":\"BreadcrumbList\",\"@id\":\"https:\/\/www.driveblue.be\/fr\/unicars\/#breadcrumb\",\"itemListElement\":[{\"@type\":\"ListItem\",\"position\":1,\"name\":\"Home\",\"item\":\"https:\/\/www.driveblue.be\/fr\/\"},{\"@type\":\"ListItem\",\"position\":2,\"name\":\"Unicars\"}]},{\"@type\":\"WebSite\",\"@id\":\"https:\/\/www.driveblue.be\/fr\/#website\",\"url\":\"https:\/\/www.driveblue.be\/fr\/\",\"name\":\"DriveBlue\",\"description\":\"\",\"potentialAction\":[{\"@type\":\"SearchAction\",\"target\":{\"@type\":\"EntryPoint\",\"urlTemplate\":\"https:\/\/www.driveblue.be\/fr\/?s={search_term_string}\"},\"query-input\":\"required name=search_term_string\"}],\"inLanguage\":\"fr-BE\"}]}<\/script>\n<!-- \/ Yoast SEO plugin. -->","yoast_head_json":{"title":"Unicars - DriveBlue","robots":{"index":"index","follow":"follow","max-snippet":"max-snippet:-1","max-image-preview":"max-image-preview:large","max-video-preview":"max-video-preview:-1"},"canonical":"https:\/\/www.driveblue.be\/fr\/unicars\/","og_locale":"fr_FR","og_type":"article","og_title":"Unicars - DriveBlue","og_url":"https:\/\/www.driveblue.be\/fr\/unicars\/","og_site_name":"DriveBlue","article_modified_time":"2023-02-15T10:54:19+00:00","twitter_card":"summary_large_image","twitter_misc":{"Dur\u00e9e de lecture est.":"2 minutes"},"schema":{"@context":"https:\/\/schema.org","@graph":[{"@type":"WebPage","@id":"https:\/\/www.driveblue.be\/fr\/unicars\/","url":"https:\/\/www.driveblue.be\/fr\/unicars\/","name":"Unicars - DriveBlue","isPartOf":{"@id":"https:\/\/www.driveblue.be\/fr\/#website"},"datePublished":"2023-02-13T09:41:53+00:00","dateModified":"2023-02-15T10:54:19+00:00","breadcrumb":{"@id":"https:\/\/www.driveblue.be\/fr\/unicars\/#breadcrumb"},"inLanguage":"fr-BE","potentialAction":[{"@type":"ReadAction","target":["https:\/\/www.driveblue.be\/fr\/unicars\/"]}]},{"@type":"BreadcrumbList","@id":"https:\/\/www.driveblue.be\/fr\/unicars\/#breadcrumb","itemListElement":[{"@type":"ListItem","position":1,"name":"Home","item":"https:\/\/www.driveblue.be\/fr\/"},{"@type":"ListItem","position":2,"name":"Unicars"}]},{"@type":"WebSite","@id":"https:\/\/www.driveblue.be\/fr\/#website","url":"https:\/\/www.driveblue.be\/fr\/","name":"DriveBlue","description":"","potentialAction":[{"@type":"SearchAction","target":{"@type":"EntryPoint","urlTemplate":"https:\/\/www.driveblue.be\/fr\/?s={search_term_string}"},"query-input":"required name=search_term_string"}],"inLanguage":"fr-BE"}]}},"_links":{"self":[{"href":"https:\/\/www.driveblue.be\/fr\/wp-json\/wp\/v2\/pages\/7388","targetHints":{"allow":["GET"]}}],"collection":[{"href":"https:\/\/www.driveblue.be\/fr\/wp-json\/wp\/v2\/pages"}],"about":[{"href":"https:\/\/www.driveblue.be\/fr\/wp-json\/wp\/v2\/types\/page"}],"author":[{"embeddable":true,"href":"https:\/\/www.driveblue.be\/fr\/wp-json\/wp\/v2\/users\/18"}],"replies":[{"embeddable":true,"href":"https:\/\/www.driveblue.be\/fr\/wp-json\/wp\/v2\/comments?post=7388"}],"version-history":[{"count":9,"href":"https:\/\/www.driveblue.be\/fr\/wp-json\/wp\/v2\/pages\/7388\/revisions"}],"predecessor-version":[{"id":7622,"href":"https:\/\/www.driveblue.be\/fr\/wp-json\/wp\/v2\/pages\/7388\/revisions\/7622"}],"wp:attachment":[{"href":"https:\/\/www.driveblue.be\/fr\/wp-json\/wp\/v2\/media?parent=7388"}],"curies":[{"name":"wp","href":"https:\/\/api.w.org\/{rel}","templated":true}]}}